{"id":1071,"date":"2024-10-21T10:34:26","date_gmt":"2024-10-21T16:34:26","guid":{"rendered":"https:\/\/www.treetopcenter.org\/?page_id=1071"},"modified":"2026-03-08T12:48:12","modified_gmt":"2026-03-08T18:48:12","slug":"co-gives-day","status":"publish","type":"page","link":"https:\/\/www.treetopcenter.org\/es\/get-involved\/co-gives-day\/","title":{"rendered":"D\u00eda \"Colorado Gives"},"content":{"rendered":"<div class=\"wpb-content-wrapper\"><div class=\"vc_row wpb_row vc_row-fluid\"><div class=\"wpb_animate_when_almost_visible wpb_fadeIn fadeIn wpb_column vc_column_container vc_col-sm-12\"><div class=\"vc_column-inner\"><div class=\"wpb_wrapper\"><div class='headingWrapper center'><h1>D\u00eda \"Colorado Gives<\/h1><\/div><\/div><\/div><\/div><\/div><div class=\"vc_row wpb_row vc_row-fluid blockLineDiv vc_custom_1646958782901\"><div class=\"wpb_animate_when_almost_visible wpb_fadeIn fadeIn wpb_column vc_column_container vc_col-sm-1\/5\"><div class=\"vc_column-inner vc_custom_1772995686919\"><div class=\"wpb_wrapper\">\n\t<div  class=\"wpb_single_image wpb_content_element vc_align_center wpb_content_element\">\n\t\t\n\t\t<figure class=\"wpb_wrapper vc_figure\">\n\t\t\t<a href=\"https:\/\/www.coloradogives.org\/organization\/TreeTopChildAdvocacyCenter\" target=\"_blank\" class=\"vc_single_image-wrapper   vc_box_border_grey\"><img decoding=\"async\" width=\"240\" height=\"300\" data-src=\"https:\/\/www.treetopcenter.org\/wp-content\/uploads\/2025\/10\/Lets-create-a-magnitude-of-good-together-240x300.jpg\" class=\"vc_single_image-img attachment-medium lazyload\" alt=\"\" title=\"Creemos juntos una magnitud de bien.\" data-srcset=\"https:\/\/www.treetopcenter.org\/wp-content\/uploads\/2025\/10\/Lets-create-a-magnitude-of-good-together-240x300.jpg 240w, https:\/\/www.treetopcenter.org\/wp-content\/uploads\/2025\/10\/Lets-create-a-magnitude-of-good-together-819x1024.jpg 819w, https:\/\/www.treetopcenter.org\/wp-content\/uploads\/2025\/10\/Lets-create-a-magnitude-of-good-together-768x960.jpg 768w, https:\/\/www.treetopcenter.org\/wp-content\/uploads\/2025\/10\/Lets-create-a-magnitude-of-good-together-10x12.jpg 10w, https:\/\/www.treetopcenter.org\/wp-content\/uploads\/2025\/10\/Lets-create-a-magnitude-of-good-together-80x100.jpg 80w, https:\/\/www.treetopcenter.org\/wp-content\/uploads\/2025\/10\/Lets-create-a-magnitude-of-good-together.jpg 960w\" data-sizes=\"(max-width: 240px) 100vw, 240px\" src=\"data:image\/svg+xml;base64,PHN2ZyB3aWR0aD0iMSIgaGVpZ2h0PSIxIiB4bWxucz0iaHR0cDovL3d3dy53My5vcmcvMjAwMC9zdmciPjwvc3ZnPg==\" style=\"--smush-placeholder-width: 240px; --smush-placeholder-aspect-ratio: 240\/300;\" \/><\/a>\n\t\t<\/figure>\n\t<\/div>\n<\/div><\/div><\/div><div class=\"wpb_animate_when_almost_visible wpb_fadeIn fadeIn wpb_column vc_column_container vc_col-sm-4\/5\"><div class=\"vc_column-inner\"><div class=\"wpb_wrapper\"><div class=\"vc_empty_space\"   style=\"height: 8px\"><span class=\"vc_empty_space_inner\"><\/span><\/div><div class='headingWrapper'><h3>Martes, 8 de diciembre de 2026<\/h3><\/div>\n\t<div class=\"wpb_text_column wpb_content_element\" >\n\t\t<div class=\"wpb_wrapper\">\n\t\t\t<p data-start=\"209\" data-end=\"369\">Para quienes no lo sepan, el Colorado Gives Day es un evento estatal de 24 horas de duraci\u00f3n que celebra el incre\u00edble impacto que las organizaciones sin fines de lucro locales tienen en nuestras comunidades.<\/p>\n<p data-start=\"371\" data-end=\"608\">En TreeTop Child Advocacy Center, el Colorado Gives Day es una oportunidad importante para recaudar fondos que apoyan nuestra misi\u00f3n de defender a los ni\u00f1os, proporcionar servicios de recuperaci\u00f3n y garantizar que todos los ni\u00f1os tengan voz cuando m\u00e1s la necesitan.<\/p>\n<p data-start=\"610\" data-end=\"881\">Aunque el Colorado Gives Day es un momento especial cada a\u00f1o, se pueden hacer donaciones en cualquier momento. Su apoyo, ya sea durante este evento o en cualquier otro d\u00eda del a\u00f1o, nos ayuda a proporcionar seguridad, atenci\u00f3n y esperanza a los ni\u00f1os y las familias que atraviesan situaciones dif\u00edciles y traum\u00e1ticas.<\/p>\n\n\t\t<\/div>\n\t<\/div>\n<div class='tdlButtonWrapper'><a class='tdlButton' href='https:\/\/www.coloradogives.org\/organization\/TreeTopChildAdvocacyCenter' target=''>Dona hoy a CO Gives Day<\/a><\/div><\/div><\/div><\/div><\/div>\n<\/div>","protected":false},"excerpt":{"rendered":"Colorado Gives Day Tuesday, December 8th, 2026 For those who may not know, Colorado Gives Day is a 24-hour, statewide event that celebrates the incredible impact local nonprofits have on our communities. At TreeTop Child Advocacy Center, Colorado...","protected":false},"author":7,"featured_media":2090,"parent":37,"menu_order":0,"comment_status":"closed","ping_status":"closed","template":"","meta":{"footnotes":""},"class_list":["post-1071","page","type-page","status-publish","has-post-thumbnail","hentry"],"aioseo_notices":[],"_links":{"self":[{"href":"https:\/\/www.treetopcenter.org\/es\/wp-json\/wp\/v2\/pages\/1071","targetHints":{"allow":["GET"]}}],"collection":[{"href":"https:\/\/www.treetopcenter.org\/es\/wp-json\/wp\/v2\/pages"}],"about":[{"href":"https:\/\/www.treetopcenter.org\/es\/wp-json\/wp\/v2\/types\/page"}],"author":[{"embeddable":true,"href":"https:\/\/www.treetopcenter.org\/es\/wp-json\/wp\/v2\/users\/7"}],"replies":[{"embeddable":true,"href":"https:\/\/www.treetopcenter.org\/es\/wp-json\/wp\/v2\/comments?post=1071"}],"version-history":[{"count":12,"href":"https:\/\/www.treetopcenter.org\/es\/wp-json\/wp\/v2\/pages\/1071\/revisions"}],"predecessor-version":[{"id":2089,"href":"https:\/\/www.treetopcenter.org\/es\/wp-json\/wp\/v2\/pages\/1071\/revisions\/2089"}],"up":[{"embeddable":true,"href":"https:\/\/www.treetopcenter.org\/es\/wp-json\/wp\/v2\/pages\/37"}],"wp:featuredmedia":[{"embeddable":true,"href":"https:\/\/www.treetopcenter.org\/es\/wp-json\/wp\/v2\/media\/2090"}],"wp:attachment":[{"href":"https:\/\/www.treetopcenter.org\/es\/wp-json\/wp\/v2\/media?parent=1071"}],"curies":[{"name":"wp","href":"https:\/\/api.w.org\/{rel}","templated":true}]}}