{"id":11,"date":"2022-01-26T18:19:04","date_gmt":"2022-01-26T18:19:04","guid":{"rendered":"https:\/\/www.treetopcenter.org\/?page_id=11"},"modified":"2026-03-25T15:16:16","modified_gmt":"2026-03-25T21:16:16","slug":"home","status":"publish","type":"page","link":"https:\/\/www.treetopcenter.org\/es\/","title":{"rendered":"Inicio"},"content":{"rendered":"<div class=\"wpb-content-wrapper\"><div class=\"vc_row wpb_row vc_row-fluid\"><div class=\"wpb_animate_when_almost_visible wpb_fadeIn fadeIn wpb_column vc_column_container vc_col-sm-12\"><div class=\"vc_column-inner\"><div class=\"wpb_wrapper\"><div class=\"vc_empty_space\"   style=\"height: 100px\"><span class=\"vc_empty_space_inner\"><\/span><\/div><div class=\"vc_row wpb_row vc_inner vc_row-fluid\"><div class=\"wpb_column vc_column_container vc_col-sm-4\"><div class=\"vc_column-inner\"><div class=\"wpb_wrapper\"><div class='tdl-icon-button top match-height'><div class='wrapper'><div class='icon icon-trust'><\/div><div class=\"tdl-button-content\"><h3>Conf\u00ede en<\/h3><div class='text'>Crear un entorno seguro en el que los ni\u00f1os se sientan escuchados, apoyados y cre\u00eddos.<\/div><\/div><\/div><\/div><\/div><\/div><\/div><div class=\"wpb_column vc_column_container vc_col-sm-4\"><div class=\"vc_column-inner\"><div class=\"wpb_wrapper\"><div class='tdl-icon-button top match-height'><div class='wrapper'><div class='icon icon-justice'><\/div><div class=\"tdl-button-content\"><h3>Justicia<\/h3><div class='text'>Trabajamos junto a nuestros socios para lograr la protecci\u00f3n, la rendici\u00f3n de cuentas y resultados centrados en los ni\u00f1os.<\/div><\/div><\/div><\/div><\/div><\/div><\/div><div class=\"wpb_column vc_column_container vc_col-sm-4\"><div class=\"vc_column-inner\"><div class=\"wpb_wrapper\"><div class='tdl-icon-button top match-height'><div class='wrapper'><div class='icon icon-healing'><\/div><div class=\"tdl-button-content\"><h3>Curaci\u00f3n<\/h3><div class='text'>Brindamos atenci\u00f3n especializada en traumas que ayuda a los ni\u00f1os y a las familias a seguir adelante.<\/div><\/div><\/div><\/div><\/div><\/div><\/div><\/div><\/div><\/div><\/div><\/div><div class=\"vc_row wpb_row vc_row-fluid\"><div class=\"wpb_animate_when_almost_visible wpb_fadeIn fadeIn wpb_column vc_column_container vc_col-sm-12\"><div class=\"vc_column-inner\"><div class=\"wpb_wrapper\"><div class='headingWrapper center'><h1>Qu\u00e9 hacemos<\/h1><\/div>\n\t<div class=\"wpb_text_column wpb_content_element\" >\n\t\t<div class=\"wpb_wrapper\">\n\t\t\t<p style=\"text-align: center;\">TreeTop ofrece entrevistas forenses, defensa familiar y apoyo en materia de salud conductual a ni\u00f1os que pueden haber sufrido abusos. Nuestro equipo coordinado trabaja en conjunto para garantizar que los ni\u00f1os sean escuchados, apoyados y atendidos seg\u00fan sus necesidades.<\/p>\n\n\t\t<\/div>\n\t<\/div>\n<div class=\"vc_row wpb_row vc_inner vc_row-fluid\"><div class=\"wpb_column vc_column_container vc_col-sm-4\"><div class=\"vc_column-inner\"><div class=\"wpb_wrapper\"><div class='tdl-icon-button top teal match-height'><a class='wrapper' href='https:\/\/www.treetopcenter.org\/es\/services\/forensic-interviews\/'><div class='icon icon-forensic-interview_opt-a'><\/div><div class=\"tdl-button-content\"><h3>Entrevistas forenses<\/h3><div class='text'>Conversaciones centradas en los ni\u00f1os, llevadas a cabo por profesionales capacitados.<\/div><\/div><\/a><\/div><\/div><\/div><\/div><div class=\"wpb_column vc_column_container vc_col-sm-4\"><div class=\"vc_column-inner\"><div class=\"wpb_wrapper\"><div class='tdl-icon-button top teal match-height'><a class='wrapper' href='https:\/\/www.treetopcenter.org\/es\/services\/child-advocacy-and-support\/'><div class='icon icon-advocacy-support'><\/div><div class=\"tdl-button-content\"><h3>Defensa<\/h3><div class='text'>Orientaci\u00f3n y apoyo a las familias durante todo el proceso de investigaci\u00f3n.<\/div><\/div><\/a><\/div><\/div><\/div><\/div><div class=\"wpb_column vc_column_container vc_col-sm-4\"><div class=\"vc_column-inner\"><div class=\"wpb_wrapper\"><div class='tdl-icon-button top teal match-height'><a class='wrapper' href='https:\/\/www.treetopcenter.org\/es\/services\/behavioral-health\/'><div class='icon icon-behavioral-health'><\/div><div class=\"tdl-button-content\"><h3>Conductual<br \/>\nSalud<\/h3><div class='text'>Terapia especializada en traumas y derivaciones para ni\u00f1os y cuidadores.<\/div><\/div><\/a><\/div><\/div><\/div><\/div><\/div><\/div><\/div><\/div><\/div><div class=\"vc_row wpb_row vc_row-fluid\"><div class=\"wpb_animate_when_almost_visible wpb_fadeIn fadeIn wpb_column vc_column_container vc_col-sm-12\"><div class=\"vc_column-inner\"><div class=\"wpb_wrapper\"><div class='headingWrapper center'><h1>Vea el impacto<\/h1><\/div>\n\t<div class=\"wpb_text_column wpb_content_element\" >\n\t\t<div class=\"wpb_wrapper\">\n\t\t\t<p style=\"text-align: center;\">Cada n\u00famero representa a un ni\u00f1o que encontr\u00f3 apoyo, a una familia que recibi\u00f3 orientaci\u00f3n y un paso hacia la sanaci\u00f3n.<\/p>\n\n\t\t<\/div>\n\t<\/div>\n<div class=\"vc_row wpb_row vc_inner vc_row-fluid\"><div class=\"wpb_column vc_column_container vc_col-sm-6\"><div class=\"vc_column-inner\"><div class=\"wpb_wrapper\"><div class='tdlCounterWrapper animated'><div class='icon icon-victims'><\/div><div class='count' data-animation-time='3000' data-is-money='false' data-decimal='0'><span class='number'>385<\/span><\/div><h4>V\u00edctimas atendidas<\/h4><\/div><\/div><\/div><\/div><div class=\"wpb_column vc_column_container vc_col-sm-6\"><div class=\"vc_column-inner\"><div class=\"wpb_wrapper\"><div class='tdlCounterWrapper animated'><div class='icon icon-sessions'><\/div><div class='count' data-animation-time='3000' data-is-money='false' data-decimal='0'><span class='number'>1155<\/span><\/div><h4>Servicios prestados<\/h4><\/div><\/div><\/div><\/div><\/div><\/div><\/div><\/div><\/div><div class=\"vc_row wpb_row vc_row-fluid\"><div class=\"wpb_animate_when_almost_visible wpb_fadeIn fadeIn wpb_column vc_column_container vc_col-sm-8\"><div class=\"vc_column-inner\"><div class=\"wpb_wrapper\"><div class='headingWrapper center'><h1>Qu\u00e9 esperar<\/h1><\/div>\n\t<div class=\"wpb_text_column wpb_content_element\" >\n\t\t<div class=\"wpb_wrapper\">\n\t\t\t<p style=\"text-align: center;\">Cuando un ni\u00f1o es derivado a TreeTop, las familias son recibidas en un entorno seguro y de apoyo, dise\u00f1ado para ayudar a los ni\u00f1os a sentirse c\u00f3modos y escuchados. Nuestro equipo gu\u00eda a las familias en cada paso del proceso, al tiempo que las pone en contacto con servicios de defensa, recursos y atenci\u00f3n.<\/p>\n\n\t\t<\/div>\n\t<\/div>\n<\/div><\/div><\/div><div class=\"wpb_column vc_column_container vc_col-sm-4\"><div class=\"vc_column-inner\"><div class=\"wpb_wrapper\"><div class='headingWrapper'><h1><\/h1><\/div><div class=\"vc_empty_space\"   style=\"height: 32px\"><span class=\"vc_empty_space_inner\"><\/span><\/div><div class='tdl-icon-button left teal'><a class='wrapper' href='https:\/\/www.treetopcenter.org\/es\/what-to-expect\/'><div class='icon icon-appointment'><\/div><div class=\"tdl-button-content\"><h3>Prepare su visita<\/h3><\/div><\/a><\/div><\/div><\/div><\/div><\/div><div class=\"vc_row wpb_row vc_row-fluid\"><div class=\"wpb_animate_when_almost_visible wpb_fadeIn fadeIn wpb_column vc_column_container vc_col-sm-8\"><div class=\"vc_column-inner\"><div class=\"wpb_wrapper\"><div class='headingWrapper center'><h1>Encuentre ayuda<\/h1><\/div>\n\t<div class=\"wpb_text_column wpb_content_element\" >\n\t\t<div class=\"wpb_wrapper\">\n\t\t\t<p style=\"text-align: center;\">Encuentre recursos confiables para familias que buscan apoyo, asesoramiento, asistencia en situaciones de crisis y servicios comunitarios.<\/p>\n\n\t\t<\/div>\n\t<\/div>\n<\/div><\/div><\/div><div class=\"wpb_column vc_column_container vc_col-sm-4\"><div class=\"vc_column-inner\"><div class=\"wpb_wrapper\"><div class='headingWrapper'><h1><\/h1><\/div><div class=\"vc_empty_space\"   style=\"height: 32px\"><span class=\"vc_empty_space_inner\"><\/span><\/div><div class='tdl-icon-button left teal'><a class='wrapper' href='https:\/\/www.treetopcenter.org\/es\/resources\/'><div class='icon icon-growth-2'><\/div><div class=\"tdl-button-content\"><h3>Recursos<\/h3><\/div><\/a><\/div><\/div><\/div><\/div><\/div><div class=\"vc_row wpb_row vc_row-fluid\"><div class=\"wpb_animate_when_almost_visible wpb_fadeIn fadeIn wpb_column vc_column_container vc_col-sm-12\"><div class=\"vc_column-inner\"><div class=\"wpb_wrapper\"><div class='headingWrapper center'><h1>C\u00f3mo ayudar<\/h1><\/div>\n\t<div class=\"wpb_text_column wpb_content_element\" >\n\t\t<div class=\"wpb_wrapper\">\n\t\t\t<p style=\"text-align: center;\">Juntos, podemos brindarles a los ni\u00f1os un lugar seguro donde hablar, sanar y encontrar esperanza. Su apoyo ayuda a TreeTop a brindar servicios esenciales a ni\u00f1os y familias en crisis.<\/p>\n\n\t\t<\/div>\n\t<\/div>\n<div class=\"vc_row wpb_row vc_inner vc_row-fluid\"><div class=\"wpb_column vc_column_container vc_col-sm-4\"><div class=\"vc_column-inner\"><div class=\"wpb_wrapper\"><\/div><\/div><\/div><div class=\"wpb_column vc_column_container vc_col-sm-4\"><div class=\"vc_column-inner\"><div class=\"wpb_wrapper\"><div class='tdl-icon-button left teal'><a class='wrapper' href='https:\/\/www.treetopcenter.org\/es\/get-involved\/donate\/'><div class='icon icon-donate'><\/div><div class=\"tdl-button-content\"><h3>Dona hoy<\/h3><\/div><\/a><\/div><div class=\"vc_empty_space\"   style=\"height: 32px\"><span class=\"vc_empty_space_inner\"><\/span><\/div><\/div><\/div><\/div><div class=\"wpb_column vc_column_container vc_col-sm-4\"><div class=\"vc_column-inner\"><div class=\"wpb_wrapper\"><\/div><\/div><\/div><\/div><\/div><\/div><\/div><\/div><div class=\"vc_row wpb_row vc_row-fluid\"><div class=\"wpb_animate_when_almost_visible wpb_fadeIn fadeIn wpb_column vc_column_container vc_col-sm-3\"><div class=\"vc_column-inner\"><div class=\"wpb_wrapper\"><\/div><\/div><\/div><div class=\"wpb_column vc_column_container vc_col-sm-6\"><div class=\"vc_column-inner\"><div class=\"wpb_wrapper\">\n\t<div  class=\"wpb_single_image wpb_content_element vc_align_left wpb_content_element\">\n\t\t\n\t\t<figure class=\"wpb_wrapper vc_figure\">\n\t\t\t<div class=\"vc_single_image-wrapper   vc_box_border_grey\"><img decoding=\"async\" width=\"1728\" height=\"1123\" data-src=\"https:\/\/www.treetopcenter.org\/wp-content\/uploads\/2026\/03\/Crafting-a-Brighter-Tomorrow-copy.jpg\" class=\"vc_single_image-img attachment-full lazyload\" alt=\"\" title=\"Creando un ma\u00f1ana m\u00e1s brillante - 6\" data-srcset=\"https:\/\/www.treetopcenter.org\/wp-content\/uploads\/2026\/03\/Crafting-a-Brighter-Tomorrow-copy.jpg 1728w, https:\/\/www.treetopcenter.org\/wp-content\/uploads\/2026\/03\/Crafting-a-Brighter-Tomorrow-copy-300x195.jpg 300w, https:\/\/www.treetopcenter.org\/wp-content\/uploads\/2026\/03\/Crafting-a-Brighter-Tomorrow-copy-1024x665.jpg 1024w, https:\/\/www.treetopcenter.org\/wp-content\/uploads\/2026\/03\/Crafting-a-Brighter-Tomorrow-copy-768x499.jpg 768w, https:\/\/www.treetopcenter.org\/wp-content\/uploads\/2026\/03\/Crafting-a-Brighter-Tomorrow-copy-1536x998.jpg 1536w, https:\/\/www.treetopcenter.org\/wp-content\/uploads\/2026\/03\/Crafting-a-Brighter-Tomorrow-copy-18x12.jpg 18w, https:\/\/www.treetopcenter.org\/wp-content\/uploads\/2026\/03\/Crafting-a-Brighter-Tomorrow-copy-150x97.jpg 150w\" data-sizes=\"(max-width: 1728px) 100vw, 1728px\" src=\"data:image\/svg+xml;base64,PHN2ZyB3aWR0aD0iMSIgaGVpZ2h0PSIxIiB4bWxucz0iaHR0cDovL3d3dy53My5vcmcvMjAwMC9zdmciPjwvc3ZnPg==\" style=\"--smush-placeholder-width: 1728px; --smush-placeholder-aspect-ratio: 1728\/1123;\" \/><\/div>\n\t\t<\/figure>\n\t<\/div>\n<\/div><\/div><\/div><div class=\"wpb_column vc_column_container vc_col-sm-3\"><div class=\"vc_column-inner\"><div class=\"wpb_wrapper\"><\/div><\/div><\/div><\/div><div class=\"vc_row wpb_row vc_row-fluid\"><div class=\"wpb_animate_when_almost_visible wpb_fadeIn fadeIn wpb_column vc_column_container vc_col-sm-12\"><div class=\"vc_column-inner\"><div class=\"wpb_wrapper\">\n\t<div class=\"wpb_text_column wpb_content_element\" >\n\t\t<div class=\"wpb_wrapper\">\n\t\t\t<p class=\"cvGsUA direction-ltr align-center para-style-body\" style=\"text-align: center;\"><strong><span class=\"a_GcMg font-feature-liga-off font-feature-clig-off font-feature-calt-off text-decoration-none text-strikethrough-none\">\u201cUn entorno seguro y propicio puede cambiar la trayectoria de la recuperaci\u00f3n de un ni\u00f1o\u201d.\u201d<\/span><\/strong><\/p>\n<p class=\"cvGsUA direction-ltr align-center para-style-body\" style=\"text-align: center;\"><span class=\"a_GcMg font-feature-liga-off font-feature-clig-off font-feature-calt-off text-decoration-none text-strikethrough-none\">\u2014<\/span><span class=\"a_GcMg font-feature-liga-off font-feature-clig-off font-feature-calt-off text-decoration-none text-strikethrough-none\">Melissa Barbour, <\/span><span class=\"a_GcMg font-feature-liga-off font-feature-clig-off font-feature-calt-off text-decoration-none text-strikethrough-none\">LCSW<\/span><\/p>\n\n\t\t<\/div>\n\t<\/div>\n<\/div><\/div><\/div><\/div><div id=\"donor__section\" class=\"vc_row wpb_row vc_row-fluid\"><div class=\"wpb_animate_when_almost_visible wpb_fadeIn fadeIn wpb_column vc_column_container vc_col-sm-12\"><div class=\"vc_column-inner\"><div class=\"wpb_wrapper\"><div class='headingWrapper center'><h3>Nuestros donantes colaboradores<\/h3><\/div><div class='tdl-donor-images'><div class='tdl-donor-item'><img data-src='https:\/\/www.treetopcenter.org\/wp-content\/uploads\/2024\/03\/OMNI-NEW-WEB-3-150x44.png' src='data:image\/svg+xml;base64,PHN2ZyB3aWR0aD0iMSIgaGVpZ2h0PSIxIiB4bWxucz0iaHR0cDovL3d3dy53My5vcmcvMjAwMC9zdmciPjwvc3ZnPg==' class='lazyload' style='--smush-placeholder-width: 150px; --smush-placeholder-aspect-ratio: 150\/44;'><\/div><div class='tdl-donor-item'><img data-src='https:\/\/www.treetopcenter.org\/wp-content\/uploads\/2024\/03\/Summit-Foundation-Logo-2023_Square_Black-106x100.png' src='data:image\/svg+xml;base64,PHN2ZyB3aWR0aD0iMSIgaGVpZ2h0PSIxIiB4bWxucz0iaHR0cDovL3d3dy53My5vcmcvMjAwMC9zdmciPjwvc3ZnPg==' class='lazyload' style='--smush-placeholder-width: 106px; --smush-placeholder-aspect-ratio: 106\/100;'><\/div><div class='tdl-donor-item'><img data-src='https:\/\/www.treetopcenter.org\/wp-content\/uploads\/2022\/02\/sc-150x59.png' src='data:image\/svg+xml;base64,PHN2ZyB3aWR0aD0iMSIgaGVpZ2h0PSIxIiB4bWxucz0iaHR0cDovL3d3dy53My5vcmcvMjAwMC9zdmciPjwvc3ZnPg==' class='lazyload' style='--smush-placeholder-width: 150px; --smush-placeholder-aspect-ratio: 150\/59;'><\/div><div class='tdl-donor-item'><img data-src='https:\/\/www.treetopcenter.org\/wp-content\/uploads\/2022\/02\/tof-100x100.jpg' src='data:image\/svg+xml;base64,PHN2ZyB3aWR0aD0iMSIgaGVpZ2h0PSIxIiB4bWxucz0iaHR0cDovL3d3dy53My5vcmcvMjAwMC9zdmciPjwvc3ZnPg==' class='lazyload' style='--smush-placeholder-width: 100px; --smush-placeholder-aspect-ratio: 100\/100;'><\/div><div class='tdl-donor-item'><img data-src='https:\/\/www.treetopcenter.org\/wp-content\/uploads\/2022\/02\/tod-109x100.jpeg' src='data:image\/svg+xml;base64,PHN2ZyB3aWR0aD0iMSIgaGVpZ2h0PSIxIiB4bWxucz0iaHR0cDovL3d3dy53My5vcmcvMjAwMC9zdmciPjwvc3ZnPg==' class='lazyload' style='--smush-placeholder-width: 109px; --smush-placeholder-aspect-ratio: 109\/100;'><\/div><div class='tdl-donor-item'><img data-src='https:\/\/www.treetopcenter.org\/wp-content\/uploads\/2024\/02\/pinnacle_gives_logo-100x100.jpeg' src='data:image\/svg+xml;base64,PHN2ZyB3aWR0aD0iMSIgaGVpZ2h0PSIxIiB4bWxucz0iaHR0cDovL3d3dy53My5vcmcvMjAwMC9zdmciPjwvc3ZnPg==' class='lazyload' style='--smush-placeholder-width: 100px; --smush-placeholder-aspect-ratio: 100\/100;'><\/div><div class='tdl-donor-item'><img data-src='https:\/\/www.treetopcenter.org\/wp-content\/uploads\/2022\/02\/avon-150x80.png' src='data:image\/svg+xml;base64,PHN2ZyB3aWR0aD0iMSIgaGVpZ2h0PSIxIiB4bWxucz0iaHR0cDovL3d3dy53My5vcmcvMjAwMC9zdmciPjwvc3ZnPg==' class='lazyload' style='--smush-placeholder-width: 150px; --smush-placeholder-aspect-ratio: 150\/80;'><\/div><div class='tdl-donor-item'><img data-src='https:\/\/www.treetopcenter.org\/wp-content\/uploads\/2022\/02\/rotary-150x40.png' src='data:image\/svg+xml;base64,PHN2ZyB3aWR0aD0iMSIgaGVpZ2h0PSIxIiB4bWxucz0iaHR0cDovL3d3dy53My5vcmcvMjAwMC9zdmciPjwvc3ZnPg==' class='lazyload' style='--smush-placeholder-width: 150px; --smush-placeholder-aspect-ratio: 150\/40;'><\/div><div class='tdl-donor-item'><img data-src='https:\/\/www.treetopcenter.org\/wp-content\/uploads\/2025\/02\/Town-of-Keystone-Logo-129x100.png' src='data:image\/svg+xml;base64,PHN2ZyB3aWR0aD0iMSIgaGVpZ2h0PSIxIiB4bWxucz0iaHR0cDovL3d3dy53My5vcmcvMjAwMC9zdmciPjwvc3ZnPg==' class='lazyload' style='--smush-placeholder-width: 129px; --smush-placeholder-aspect-ratio: 129\/100;'><\/div><div class='tdl-donor-item'><img data-src='https:\/\/www.treetopcenter.org\/wp-content\/uploads\/2025\/02\/TOV_LogoBlack-150x68.png' src='data:image\/svg+xml;base64,PHN2ZyB3aWR0aD0iMSIgaGVpZ2h0PSIxIiB4bWxucz0iaHR0cDovL3d3dy53My5vcmcvMjAwMC9zdmciPjwvc3ZnPg==' class='lazyload' style='--smush-placeholder-width: 150px; --smush-placeholder-aspect-ratio: 150\/68;'><\/div><div class='tdl-donor-item'><img data-src='https:\/\/www.treetopcenter.org\/wp-content\/uploads\/2025\/02\/TOS-Logo_CMYK-115x100.png' src='data:image\/svg+xml;base64,PHN2ZyB3aWR0aD0iMSIgaGVpZ2h0PSIxIiB4bWxucz0iaHR0cDovL3d3dy53My5vcmcvMjAwMC9zdmciPjwvc3ZnPg==' class='lazyload' style='--smush-placeholder-width: 115px; --smush-placeholder-aspect-ratio: 115\/100;'><\/div><div class='tdl-donor-item'><img data-src='https:\/\/www.treetopcenter.org\/wp-content\/uploads\/2025\/02\/official_vertical-full_color-screen-large_clear-Copy-2-143x100.png' src='data:image\/svg+xml;base64,PHN2ZyB3aWR0aD0iMSIgaGVpZ2h0PSIxIiB4bWxucz0iaHR0cDovL3d3dy53My5vcmcvMjAwMC9zdmciPjwvc3ZnPg==' class='lazyload' style='--smush-placeholder-width: 143px; --smush-placeholder-aspect-ratio: 143\/100;'><\/div><div class='tdl-donor-item'><img data-src='https:\/\/www.treetopcenter.org\/wp-content\/uploads\/2025\/02\/Logo-100x100.jpg' src='data:image\/svg+xml;base64,PHN2ZyB3aWR0aD0iMSIgaGVpZ2h0PSIxIiB4bWxucz0iaHR0cDovL3d3dy53My5vcmcvMjAwMC9zdmciPjwvc3ZnPg==' class='lazyload' style='--smush-placeholder-width: 100px; --smush-placeholder-aspect-ratio: 100\/100;'><\/div><div class='tdl-donor-item'><img data-src='https:\/\/www.treetopcenter.org\/wp-content\/uploads\/2025\/02\/Lake-County-Seal-Color-1-100x100.png' src='data:image\/svg+xml;base64,PHN2ZyB3aWR0aD0iMSIgaGVpZ2h0PSIxIiB4bWxucz0iaHR0cDovL3d3dy53My5vcmcvMjAwMC9zdmciPjwvc3ZnPg==' class='lazyload' style='--smush-placeholder-width: 100px; --smush-placeholder-aspect-ratio: 100\/100;'><\/div><div class='tdl-donor-item'><img data-src='https:\/\/www.treetopcenter.org\/wp-content\/uploads\/2025\/02\/EpicScriptBlack-150x75.png' src='data:image\/svg+xml;base64,PHN2ZyB3aWR0aD0iMSIgaGVpZ2h0PSIxIiB4bWxucz0iaHR0cDovL3d3dy53My5vcmcvMjAwMC9zdmciPjwvc3ZnPg==' class='lazyload' style='--smush-placeholder-width: 150px; --smush-placeholder-aspect-ratio: 150\/75;'><\/div><div class='tdl-donor-item'><img data-src='https:\/\/www.treetopcenter.org\/wp-content\/uploads\/2025\/02\/eagle-county-bocc-150x19.png' src='data:image\/svg+xml;base64,PHN2ZyB3aWR0aD0iMSIgaGVpZ2h0PSIxIiB4bWxucz0iaHR0cDovL3d3dy53My5vcmcvMjAwMC9zdmciPjwvc3ZnPg==' class='lazyload' style='--smush-placeholder-width: 150px; --smush-placeholder-aspect-ratio: 150\/19;'><\/div><div class='tdl-donor-item'><img data-src='https:\/\/www.treetopcenter.org\/wp-content\/uploads\/2025\/02\/AlexStormLogo-HiRes-150x42.png' src='data:image\/svg+xml;base64,PHN2ZyB3aWR0aD0iMSIgaGVpZ2h0PSIxIiB4bWxucz0iaHR0cDovL3d3dy53My5vcmcvMjAwMC9zdmciPjwvc3ZnPg==' class='lazyload' style='--smush-placeholder-width: 150px; --smush-placeholder-aspect-ratio: 150\/42;'><\/div><div class='tdl-donor-item'><img data-src='https:\/\/www.treetopcenter.org\/wp-content\/uploads\/2026\/03\/2025-TT-Annual-Report-1-110x100.png' src='data:image\/svg+xml;base64,PHN2ZyB3aWR0aD0iMSIgaGVpZ2h0PSIxIiB4bWxucz0iaHR0cDovL3d3dy53My5vcmcvMjAwMC9zdmciPjwvc3ZnPg==' class='lazyload' style='--smush-placeholder-width: 110px; --smush-placeholder-aspect-ratio: 110\/100;'><\/div><div class='tdl-donor-item'><img data-src='https:\/\/www.treetopcenter.org\/wp-content\/uploads\/2025\/02\/1676061541_y87hLFVDpDgnGz8UsN5WoJnBCiv31widjyl7JRyT-150x44.png' src='data:image\/svg+xml;base64,PHN2ZyB3aWR0aD0iMSIgaGVpZ2h0PSIxIiB4bWxucz0iaHR0cDovL3d3dy53My5vcmcvMjAwMC9zdmciPjwvc3ZnPg==' class='lazyload' style='--smush-placeholder-width: 150px; --smush-placeholder-aspect-ratio: 150\/44;'><\/div><\/div><\/div><\/div><\/div><\/div><div class=\"vc_row wpb_row vc_row-fluid\"><div class=\"wpb_animate_when_almost_visible wpb_fadeIn fadeIn wpb_column vc_column_container vc_col-sm-12\"><div class=\"vc_column-inner\"><div class=\"wpb_wrapper\"><div class='headingWrapper center'><h1>Denunciar abuso<\/h1><\/div>\n\t<div class=\"wpb_text_column wpb_content_element\" >\n\t\t<div class=\"wpb_wrapper\">\n\t\t\t<p style=\"text-align: center;\">Si te preocupa la seguridad de un ni\u00f1o, conf\u00eda en tu instinto. Denunciar tus inquietudes puede ser el primer paso para proteger a un ni\u00f1o y ayudarlo a recibir la atenci\u00f3n y el apoyo que se merece.<\/p>\n\n\t\t<\/div>\n\t<\/div>\n<div class=\"vc_row wpb_row vc_inner vc_row-fluid\"><div class=\"wpb_column vc_column_container vc_col-sm-3\"><div class=\"vc_column-inner\"><div class=\"wpb_wrapper\"><\/div><\/div><\/div><div class=\"wpb_column vc_column_container vc_col-sm-6\"><div class=\"vc_column-inner\"><div class=\"wpb_wrapper\"><div class='tdl-icon-button left teal'><a class='wrapper' href='https:\/\/cdhs.colorado.gov\/colorado-child-abuse-and-neglect-hotline-reporting-system'><div class='icon icon-report'><\/div><div class=\"tdl-button-content\"><h3>844-CO-4-NI\u00d1OS<\/h3><\/div><\/a><\/div><div class=\"vc_empty_space\"   style=\"height: 64px\"><span class=\"vc_empty_space_inner\"><\/span><\/div><\/div><\/div><\/div><div class=\"wpb_column vc_column_container vc_col-sm-3\"><div class=\"vc_column-inner\"><div class=\"wpb_wrapper\"><\/div><\/div><\/div><\/div><\/div><\/div><\/div><\/div><div class=\"vc_row wpb_row vc_row-fluid\"><div class=\"wpb_column vc_column_container vc_col-sm-12\"><div class=\"vc_column-inner\"><div class=\"wpb_wrapper\"><\/div><\/div><\/div><\/div><div class=\"vc_row wpb_row vc_row-fluid\"><div class=\"wpb_column vc_column_container vc_col-sm-12\"><div class=\"vc_column-inner\"><div class=\"wpb_wrapper\">\n\t<div class=\"wpb_raw_code wpb_raw_html wpb_content_element\" >\n\t\t<div class=\"wpb_wrapper\">\n\t\t\t<a href=\"#\" class=\"floating-donate-btn\" onclick=\"window.HarnessWidget.open(); return false;\">\n  Donar\n<\/a>\n\t\t<\/div>\n\t<\/div>\n<\/div><\/div><\/div><\/div>\n<\/div>","protected":false},"excerpt":{"rendered":"TrustCreating a safe environment where children feel heard, supported, and believed.JusticeWorking alongside our partners to pursue protection, accountability, and child-focused outcomes.HealingProviding trauma-informed care that helps children and families move forward.What We Do TreeTop provides forensic interviews, family advocacy,...","protected":false},"author":7,"featured_media":68,"parent":0,"menu_order":0,"comment_status":"closed","ping_status":"closed","template":"","meta":{"footnotes":""},"class_list":["post-11","page","type-page","status-publish","has-post-thumbnail","hentry"],"aioseo_notices":[],"_links":{"self":[{"href":"https:\/\/www.treetopcenter.org\/es\/wp-json\/wp\/v2\/pages\/11","targetHints":{"allow":["GET"]}}],"collection":[{"href":"https:\/\/www.treetopcenter.org\/es\/wp-json\/wp\/v2\/pages"}],"about":[{"href":"https:\/\/www.treetopcenter.org\/es\/wp-json\/wp\/v2\/types\/page"}],"author":[{"embeddable":true,"href":"https:\/\/www.treetopcenter.org\/es\/wp-json\/wp\/v2\/users\/7"}],"replies":[{"embeddable":true,"href":"https:\/\/www.treetopcenter.org\/es\/wp-json\/wp\/v2\/comments?post=11"}],"version-history":[{"count":11,"href":"https:\/\/www.treetopcenter.org\/es\/wp-json\/wp\/v2\/pages\/11\/revisions"}],"predecessor-version":[{"id":2318,"href":"https:\/\/www.treetopcenter.org\/es\/wp-json\/wp\/v2\/pages\/11\/revisions\/2318"}],"wp:featuredmedia":[{"embeddable":true,"href":"https:\/\/www.treetopcenter.org\/es\/wp-json\/wp\/v2\/media\/68"}],"wp:attachment":[{"href":"https:\/\/www.treetopcenter.org\/es\/wp-json\/wp\/v2\/media?parent=11"}],"curies":[{"name":"wp","href":"https:\/\/api.w.org\/{rel}","templated":true}]}}