{"id":15,"date":"2022-02-02T16:28:28","date_gmt":"2022-02-02T23:28:28","guid":{"rendered":"https:\/\/www.treetopcenter.org\/?page_id=15"},"modified":"2026-03-25T15:05:19","modified_gmt":"2026-03-25T21:05:19","slug":"about","status":"publish","type":"page","link":"https:\/\/www.treetopcenter.org\/es\/about\/","title":{"rendered":"Acerca de TreeTop"},"content":{"rendered":"<div class=\"wpb-content-wrapper\"><div class=\"vc_row wpb_row vc_row-fluid\"><div class=\"wpb_animate_when_almost_visible wpb_fadeIn fadeIn wpb_column vc_column_container vc_col-sm-12\"><div class=\"vc_column-inner\"><div class=\"wpb_wrapper\"><div class='headingWrapper center'><h1>Acerca de Treetop Child Advocacy Center<span class='tdlSubTitle'>Un lugar seguro donde los ni\u00f1os pueden ser escuchados<\/span><\/h1><\/div>\n\t<div class=\"wpb_text_column wpb_content_element\" >\n\t\t<div class=\"wpb_wrapper\">\n\t\t\t<p style=\"text-align: center;\" data-start=\"462\" data-end=\"782\">El Centro de Defensa Infantil TreeTop ofrece un entorno seguro y de apoyo en el que los ni\u00f1os que pueden haber sufrido abusos pueden compartir sus historias de una manera centrada en ellos, adecuada a su desarrollo y consciente del trauma sufrido. Nuestro equipo trabaja para garantizar que se escuche, se crea y se apoye a los ni\u00f1os durante todo el proceso.<\/p>\n<p style=\"text-align: center;\" data-start=\"784\" data-end=\"1041\">TreeTop, que presta servicios a ni\u00f1os y familias de los condados de Clear Creek, Eagle, Lake y Summit, coordina una respuesta colaborativa que re\u00fane a profesionales de las fuerzas del orden, la protecci\u00f3n infantil, los servicios m\u00e9dicos, la salud mental y la defensa de las v\u00edctimas.<\/p>\n<p style=\"text-align: center;\" data-start=\"1043\" data-end=\"1143\">Juntos, trabajamos para proteger a los ni\u00f1os, apoyar la recuperaci\u00f3n y ayudar a las familias a seguir adelante.<\/p>\n\n\t\t<\/div>\n\t<\/div>\n<\/div><\/div><\/div><\/div><div class=\"vc_row wpb_row vc_row-fluid\"><div class=\"wpb_animate_when_almost_visible wpb_fadeIn fadeIn wpb_column vc_column_container vc_col-sm-12\"><div class=\"vc_column-inner\"><div class=\"wpb_wrapper\"><div class='headingWrapper center'><h2>C\u00f3mo ayudan los centros de defensa infantil<\/h2><\/div><\/div><\/div><\/div><\/div><div class=\"vc_row wpb_row vc_row-fluid\"><div class=\"wpb_animate_when_almost_visible wpb_fadeIn fadeIn wpb_column vc_column_container vc_col-sm-1\/5\"><div class=\"vc_column-inner\"><div class=\"wpb_wrapper\"><\/div><\/div><\/div><div class=\"wpb_animate_when_almost_visible wpb_fadeIn fadeIn wpb_column vc_column_container vc_col-sm-3\/5\"><div class=\"vc_column-inner\"><div class=\"wpb_wrapper\"><div class=\"tdl-video-container\"><iframe data-src='https:\/\/www.youtube.com\/embed\/BQy90X_D2Zc' title='Reproductor de v\u00eddeo YouTube' frameborder='0' allow='accelerometer; autoplay; clipboard-write; encrypted-media; gyroscope; picture-in-picture; web-share' referrerpolicy='strict-origin-when-cross-origin' allowfullscreen src='data:image\/svg+xml;base64,PHN2ZyB3aWR0aD0iMSIgaGVpZ2h0PSIxIiB4bWxucz0iaHR0cDovL3d3dy53My5vcmcvMjAwMC9zdmciPjwvc3ZnPg==' class='lazyload' data-load-mode='1'><\/iframe><\/div><\/div><\/div><\/div><div class=\"wpb_column vc_column_container vc_col-sm-1\/5\"><div class=\"vc_column-inner\"><div class=\"wpb_wrapper\"><\/div><\/div><\/div><\/div><div class=\"vc_row wpb_row vc_row-fluid\"><div class=\"wpb_animate_when_almost_visible wpb_fadeIn fadeIn wpb_column vc_column_container vc_col-sm-12\"><div class=\"vc_column-inner\"><div class=\"wpb_wrapper\">\n\t<div class=\"wpb_text_column wpb_content_element\" >\n\t\t<div class=\"wpb_wrapper\">\n\t\t\t<p style=\"text-align: center;\" data-start=\"813\" data-end=\"1079\">Los Centros de Defensa Infantil ofrecen una respuesta coordinada y centrada en el ni\u00f1o cuando se sospecha de un caso de abuso. En TreeTop, los ni\u00f1os hablan con un entrevistador forense capacitado en un entorno seguro y de apoyo, mientras que profesionales de m\u00faltiples organismos trabajan juntos entre bastidores.<\/p>\n<p style=\"text-align: center;\" data-start=\"1081\" data-end=\"1229\">Este enfoque colaborativo ayuda a reducir el trauma, fortalecer las investigaciones y garantizar que los ni\u00f1os y las familias reciban la atenci\u00f3n y el apoyo que necesitan.<\/p>\n\n\t\t<\/div>\n\t<\/div>\n<\/div><\/div><\/div><\/div><div class=\"vc_row wpb_row vc_row-fluid\"><div class=\"wpb_animate_when_almost_visible wpb_fadeIn fadeIn wpb_column vc_column_container vc_col-sm-1\/5\"><div class=\"vc_column-inner\"><div class=\"wpb_wrapper\"><\/div><\/div><\/div><div class=\"wpb_animate_when_almost_visible wpb_fadeIn fadeIn wpb_column vc_column_container vc_col-sm-3\/5\"><div class=\"vc_column-inner\"><div class=\"wpb_wrapper\">\n\t<div  class=\"wpb_single_image wpb_content_element vc_align_left wpb_content_element\">\n\t\t\n\t\t<figure class=\"wpb_wrapper vc_figure\">\n\t\t\t<div class=\"vc_single_image-wrapper   vc_box_border_grey\"><img decoding=\"async\" width=\"928\" height=\"454\" data-src=\"https:\/\/www.treetopcenter.org\/wp-content\/uploads\/2026\/03\/CACs.png\" class=\"vc_single_image-img attachment-full lazyload\" alt=\"\" title=\"CAC\" data-srcset=\"https:\/\/www.treetopcenter.org\/wp-content\/uploads\/2026\/03\/CACs.png 928w, https:\/\/www.treetopcenter.org\/wp-content\/uploads\/2026\/03\/CACs-300x147.png 300w, https:\/\/www.treetopcenter.org\/wp-content\/uploads\/2026\/03\/CACs-768x376.png 768w, https:\/\/www.treetopcenter.org\/wp-content\/uploads\/2026\/03\/CACs-18x9.png 18w, https:\/\/www.treetopcenter.org\/wp-content\/uploads\/2026\/03\/CACs-150x73.png 150w\" data-sizes=\"(max-width: 928px) 100vw, 928px\" src=\"data:image\/svg+xml;base64,PHN2ZyB3aWR0aD0iMSIgaGVpZ2h0PSIxIiB4bWxucz0iaHR0cDovL3d3dy53My5vcmcvMjAwMC9zdmciPjwvc3ZnPg==\" style=\"--smush-placeholder-width: 928px; --smush-placeholder-aspect-ratio: 928\/454;\" \/><\/div>\n\t\t<\/figure>\n\t<\/div>\n<\/div><\/div><\/div><div class=\"wpb_column vc_column_container vc_col-sm-1\/5\"><div class=\"vc_column-inner\"><div class=\"wpb_wrapper\"><\/div><\/div><\/div><\/div><div class=\"vc_row wpb_row vc_row-fluid\"><div class=\"wpb_animate_when_almost_visible wpb_fadeIn fadeIn wpb_column vc_column_container vc_col-sm-12\"><div class=\"vc_column-inner\"><div class=\"wpb_wrapper\">\n\t<div class=\"wpb_text_column wpb_content_element\" >\n\t\t<div class=\"wpb_wrapper\">\n\t\t\t<p style=\"text-align: center;\" data-start=\"1211\" data-end=\"1527\">Sin un Centro de Defensa Infantil, un ni\u00f1o podr\u00eda tener que compartir su experiencia varias veces con diferentes organismos. Estas conversaciones podr\u00edan tener lugar en lugares desconocidos, como comisar\u00edas o tribunales, y adultos bienintencionados podr\u00edan, sin querer, hacer preguntas que resulten confusas o angustiosas. Los Centros de Defensa Infantil se crearon para cambiar este proceso y garantizar que los ni\u00f1os reciban apoyo en un entorno seguro y centrado en ellos.<\/p>\n\n\t\t<\/div>\n\t<\/div>\n<\/div><\/div><\/div><\/div><div class=\"vc_row wpb_row vc_row-fluid\"><div class=\"wpb_animate_when_almost_visible wpb_fadeIn fadeIn wpb_column vc_column_container vc_col-sm-3\"><div class=\"vc_column-inner\"><div class=\"wpb_wrapper\"><div class='tdl-icon-button icon-only'><div class='wrapper'><div class='icon icon-vision_opt-b'><\/div><\/div><\/div><\/div><\/div><\/div><div class=\"wpb_column vc_column_container vc_col-sm-9\"><div class=\"vc_column-inner\"><div class=\"wpb_wrapper\"><div class='headingWrapper'><h3>NUESTRA VISI\u00d3N<\/h3><\/div>\n\t<div class=\"wpb_text_column wpb_content_element\" >\n\t\t<div class=\"wpb_wrapper\">\n\t\t\t<p class=\"p2\">Una comunidad en la que todos los ni\u00f1os y familias se sientan apoyados, seguros y capacitados para buscar justicia tras sufrir abusos.<\/p>\n\n\t\t<\/div>\n\t<\/div>\n<\/div><\/div><\/div><\/div><div class=\"vc_row wpb_row vc_row-fluid\"><div class=\"wpb_animate_when_almost_visible wpb_fadeIn fadeIn wpb_column vc_column_container vc_col-sm-9\"><div class=\"vc_column-inner\"><div class=\"wpb_wrapper\"><div class='headingWrapper right'><h3>NUESTRA MISI\u00d3N<\/h3><\/div>\n\t<div class=\"wpb_text_column wpb_content_element\" >\n\t\t<div class=\"wpb_wrapper\">\n\t\t\t<p class=\"p1\" style=\"text-align: right;\">Apoyar a los ni\u00f1os v\u00edctimas de abuso y a sus familias mediante la intervenci\u00f3n, la defensa y los servicios de apoyo.<\/p>\n\n\t\t<\/div>\n\t<\/div>\n<\/div><\/div><\/div><div class=\"wpb_column vc_column_container vc_col-sm-3\"><div class=\"vc_column-inner\"><div class=\"wpb_wrapper\"><div class='tdl-icon-button icon-only'><div class='wrapper'><div class='icon icon-mission_opt-b'><\/div><\/div><\/div><\/div><\/div><\/div><\/div><div class=\"vc_row wpb_row vc_row-fluid\"><div class=\"wpb_animate_when_almost_visible wpb_fadeIn fadeIn wpb_column vc_column_container vc_col-sm-12\"><div class=\"vc_column-inner\"><div class=\"wpb_wrapper\"><div class='headingWrapper center'><h2>Nuestro impacto<\/h2><\/div>\n\t<div class=\"wpb_text_column wpb_content_element\" >\n\t\t<div class=\"wpb_wrapper\">\n\t\t\t<p style=\"text-align: center;\" data-start=\"1963\" data-end=\"2225\">Cada a\u00f1o, TreeTop apoya a ni\u00f1os y familias que se enfrentan a circunstancias incre\u00edblemente dif\u00edciles. A trav\u00e9s de la atenci\u00f3n coordinada, las entrevistas forenses, la defensa y la derivaci\u00f3n a servicios de salud mental, ayudamos a garantizar que los ni\u00f1os reciban el apoyo que necesitan para comenzar su proceso de recuperaci\u00f3n.<\/p>\n<p style=\"text-align: center;\" data-start=\"2227\" data-end=\"2344\">Nuestro Informe Anual comparte la historia de este trabajo: ni\u00f1os apoyados, familias empoderadas y comunidades fortalecidas.<\/p>\n\n\t\t<\/div>\n\t<\/div>\n<div class='tdlButtonWrapper center'><a class='tdlButton' href='https:\/\/www.treetopcenter.org\/es\/annual-report\/' target=''>Leer el Informe Anual<\/a><\/div><div class=\"vc_empty_space\"   style=\"height: 32px\"><span class=\"vc_empty_space_inner\"><\/span><\/div><\/div><\/div><\/div><\/div><div class=\"vc_row wpb_row vc_row-fluid\"><div class=\"wpb_animate_when_almost_visible wpb_fadeIn fadeIn wpb_column vc_column_container vc_col-sm-12\"><div class=\"vc_column-inner\"><div class=\"wpb_wrapper\">\n\t<div class=\"wpb_text_column wpb_content_element\" >\n\t\t<div class=\"wpb_wrapper\">\n\t\t\t<p class=\"cvGsUA direction-ltr align-center para-style-body\" style=\"text-align: center;\"><strong><span class=\"a_GcMg font-feature-liga-off font-feature-clig-off font-feature-calt-off text-decoration-none text-strikethrough-none\">\u201cTreeTop ofrece una atenci\u00f3n que las fuerzas del orden por s\u00ed solas no pueden proporcionar\u201d.\u201d<\/span><\/strong><\/p>\n<p class=\"cvGsUA direction-ltr align-center para-style-body\" style=\"text-align: center;\"><span class=\"a_GcMg font-feature-liga-off font-feature-clig-off font-feature-calt-off text-decoration-none text-strikethrough-none\">\u2014Jennifer Johnson<br \/>\n<\/span><span class=\"a_GcMg font-feature-liga-off font-feature-clig-off font-feature-calt-off text-decoration-none text-strikethrough-none\">Departamento de Polic\u00eda de Breckenridge<\/span><\/p>\n\n\t\t<\/div>\n\t<\/div>\n<\/div><\/div><\/div><\/div><div class=\"vc_row wpb_row vc_row-fluid vc_custom_1723049058720\"><div class=\"wpb_animate_when_almost_visible wpb_fadeIn fadeIn wpb_column vc_column_container vc_col-sm-4\"><div class=\"vc_column-inner\"><div class=\"wpb_wrapper\"><div class='tdl-icon-button top teal'><a class='wrapper' href='https:\/\/www.treetopcenter.org\/es\/about-us\/multidisciplinary-team\/'><div class='icon icon-teamwork'><\/div><div class=\"tdl-button-content\"><h3>Socios del equipo<\/h3><\/div><\/a><\/div><\/div><\/div><\/div><div class=\"wpb_animate_when_almost_visible wpb_fadeIn fadeIn wpb_column vc_column_container vc_col-sm-4\"><div class=\"vc_column-inner\"><div class=\"wpb_wrapper\"><div class='tdl-icon-button top teal'><a class='wrapper' href='https:\/\/www.treetopcenter.org\/es\/about-us\/our-team\/'><div class='icon icon-our-staff'><\/div><div class=\"tdl-button-content\"><h3>Equipo TreeTop<\/h3><\/div><\/a><\/div><\/div><\/div><\/div><div class=\"wpb_animate_when_almost_visible wpb_fadeIn fadeIn wpb_column vc_column_container vc_col-sm-4\"><div class=\"vc_column-inner\"><div class=\"wpb_wrapper\"><div class='tdl-icon-button top teal'><a class='wrapper' href='https:\/\/www.treetopcenter.org\/es\/get-involved\/'><div class='icon icon-volunteer'><\/div><div class=\"tdl-button-content\"><h3>Participa<\/h3><\/div><\/a><\/div><\/div><\/div><\/div><\/div><div class=\"vc_row wpb_row vc_row-fluid\"><div class=\"wpb_column vc_column_container vc_col-sm-12\"><div class=\"vc_column-inner\"><div class=\"wpb_wrapper\"><\/div><\/div><\/div><\/div>\n<\/div>","protected":false},"excerpt":{"rendered":"About Treetop Child Advocacy CenterA Safe Place for Children to Be Heard TreeTop Child Advocacy Center provides a safe, supportive environment where children who may have experienced abuse can share their stories in a way that is child-centered,...","protected":false},"author":7,"featured_media":2136,"parent":0,"menu_order":0,"comment_status":"closed","ping_status":"closed","template":"","meta":{"footnotes":""},"class_list":["post-15","page","type-page","status-publish","has-post-thumbnail","hentry"],"aioseo_notices":[],"_links":{"self":[{"href":"https:\/\/www.treetopcenter.org\/es\/wp-json\/wp\/v2\/pages\/15","targetHints":{"allow":["GET"]}}],"collection":[{"href":"https:\/\/www.treetopcenter.org\/es\/wp-json\/wp\/v2\/pages"}],"about":[{"href":"https:\/\/www.treetopcenter.org\/es\/wp-json\/wp\/v2\/types\/page"}],"author":[{"embeddable":true,"href":"https:\/\/www.treetopcenter.org\/es\/wp-json\/wp\/v2\/users\/7"}],"replies":[{"embeddable":true,"href":"https:\/\/www.treetopcenter.org\/es\/wp-json\/wp\/v2\/comments?post=15"}],"version-history":[{"count":12,"href":"https:\/\/www.treetopcenter.org\/es\/wp-json\/wp\/v2\/pages\/15\/revisions"}],"predecessor-version":[{"id":2312,"href":"https:\/\/www.treetopcenter.org\/es\/wp-json\/wp\/v2\/pages\/15\/revisions\/2312"}],"wp:featuredmedia":[{"embeddable":true,"href":"https:\/\/www.treetopcenter.org\/es\/wp-json\/wp\/v2\/media\/2136"}],"wp:attachment":[{"href":"https:\/\/www.treetopcenter.org\/es\/wp-json\/wp\/v2\/media?parent=15"}],"curies":[{"name":"wp","href":"https:\/\/api.w.org\/{rel}","templated":true}]}}