{"id":35,"date":"2022-02-02T16:33:21","date_gmt":"2022-02-02T23:33:21","guid":{"rendered":"https:\/\/www.treetopcenter.org\/?page_id=35"},"modified":"2026-03-07T09:28:57","modified_gmt":"2026-03-07T16:28:57","slug":"get-help","status":"publish","type":"page","link":"https:\/\/www.treetopcenter.org\/es\/get-help\/","title":{"rendered":"Obtener ayuda"},"content":{"rendered":"<div class=\"wpb-content-wrapper\"><div class=\"vc_row wpb_row vc_row-fluid\"><div class=\"wpb_animate_when_almost_visible wpb_fadeIn fadeIn wpb_column vc_column_container vc_col-sm-12\"><div class=\"vc_column-inner\"><div class=\"wpb_wrapper\"><div class='headingWrapper center'><h1>Respuesta a los casos de maltrato infantil<\/h1><\/div>\n\t<div class=\"wpb_text_column wpb_content_element\" >\n\t\t<div class=\"wpb_wrapper\">\n\t\t\t<p style=\"text-align: center;\">Descubrir que un ni\u00f1o que le importa ha sufrido abusos puede ser devastador. Puede sentirse abrumado, pregunt\u00e1ndose por d\u00f3nde empezar para conseguir ayuda y apoyo para su ser querido. A continuaci\u00f3n se ofrece una lista de pasos a seguir que pueden darle a usted y a su hijo una sensaci\u00f3n de empoderamiento y seguridad.<\/p>\n\n\t\t<\/div>\n\t<\/div>\n<\/div><\/div><\/div><\/div><div class=\"vc_row wpb_row vc_row-fluid\"><div class=\"wpb_animate_when_almost_visible wpb_fadeIn fadeIn wpb_column vc_column_container vc_col-sm-1\/5\"><div class=\"vc_column-inner\"><div class=\"wpb_wrapper\"><div class='tdl-number-icon-wrapper'><span class='icon-number-one'><span class='path1'><\/span><span class='path2'><\/span><\/span><\/div><\/div><\/div><\/div><div class=\"wpb_animate_when_almost_visible wpb_fadeIn fadeIn wpb_column vc_column_container vc_col-sm-4\/5\"><div class=\"vc_column-inner\"><div class=\"wpb_wrapper\"><div class='headingWrapper'><h3>Responda con responsabilidad.<\/h3><\/div>\n\t<div class=\"wpb_text_column wpb_content_element\" >\n\t\t<div class=\"wpb_wrapper\">\n\t\t\t<p>Mantenga la calma. Reaccionar de forma exagerada puede asustar a su hijo o impedir que siga cont\u00e1ndolo. Haga hincapi\u00e9 en que su hijo hizo lo correcto al contarlo. D\u00edgale: \"Me alegro de que lo hayas contado\". \"Estoy orgulloso de ti\". \"Te creo\".<\/p>\n<p>Haga hincapi\u00e9 en que su hijo no tiene la culpa y d\u00edgale que no tendr\u00e1 problemas por contarlo. No hable negativamente de la persona en cuesti\u00f3n delante de su hijo. <\/p>\n\n\t\t<\/div>\n\t<\/div>\n<\/div><\/div><\/div><\/div><div class=\"vc_row wpb_row vc_row-fluid mobileRTL\"><div class=\"wpb_animate_when_almost_visible wpb_fadeIn fadeIn wpb_column vc_column_container vc_col-sm-4\/5\"><div class=\"vc_column-inner\"><div class=\"wpb_wrapper\"><div class='headingWrapper'><h3>Comunique sus preocupaciones lo antes posible.<\/h3><\/div>\n\t<div class=\"wpb_text_column wpb_content_element\" >\n\t\t<div class=\"wpb_wrapper\">\n\t\t\t<p>Puede presentar una denuncia en la l\u00ednea directa de Colorado contra el maltrato infantil (Colorado Child Abuse Hotline), en el n\u00famero 844-CO-4-KIDS, o en la comisar\u00eda de polic\u00eda del pueblo, ciudad o condado donde se haya producido el maltrato. No necesita pruebas para denunciar un caso de maltrato infantil. El operador de la l\u00ednea directa puede darle instrucciones sobre los pasos a seguir.<\/p>\n\n\t\t<\/div>\n\t<\/div>\n<\/div><\/div><\/div><div class=\"wpb_animate_when_almost_visible wpb_fadeIn fadeIn wpb_column vc_column_container vc_col-sm-1\/5\"><div class=\"vc_column-inner\"><div class=\"wpb_wrapper\"><div class='tdl-number-icon-wrapper'><span class='icon-number-two'><span class='path1'><\/span><span class='path2'><\/span><\/span><\/div><\/div><\/div><\/div><\/div><div class=\"vc_row wpb_row vc_row-fluid\"><div class=\"wpb_animate_when_almost_visible wpb_fadeIn fadeIn wpb_column vc_column_container vc_col-sm-1\/5\"><div class=\"vc_column-inner\"><div class=\"wpb_wrapper\"><div class='tdl-number-icon-wrapper'><span class='icon-number-three'><span class='path1'><\/span><span class='path2'><\/span><\/span><\/div><\/div><\/div><\/div><div class=\"wpb_animate_when_almost_visible wpb_fadeIn fadeIn wpb_column vc_column_container vc_col-sm-4\/5\"><div class=\"vc_column-inner\"><div class=\"wpb_wrapper\"><div class='headingWrapper'><h3>Busque atenci\u00f3n m\u00e9dica, si es necesario.<\/h3><\/div>\n\t<div class=\"wpb_text_column wpb_content_element\" >\n\t\t<div class=\"wpb_wrapper\">\n\t\t\t<p>Los ni\u00f1os deben ser evaluados m\u00e9dicamente por un profesional formado en maltrato y abandono infantil. Si su hijo tiene un dolor agudo, una lesi\u00f3n, act\u00faa de forma anormal o presenta s\u00edntomas que le preocupan, busque atenci\u00f3n m\u00e9dica inmediata. <\/p>\n\n\t\t<\/div>\n\t<\/div>\n<\/div><\/div><\/div><\/div><div class=\"vc_row wpb_row vc_row-fluid mobileRTL\"><div class=\"wpb_animate_when_almost_visible wpb_fadeIn fadeIn wpb_column vc_column_container vc_col-sm-4\/5\"><div class=\"vc_column-inner\"><div class=\"wpb_wrapper\"><div class='headingWrapper'><h3>Haz a tu hijo s\u00f3lo preguntas neutras.<\/h3><\/div>\n\t<div class=\"wpb_text_column wpb_content_element\" >\n\t\t<div class=\"wpb_wrapper\">\n\t\t\t<p>Si tu hijo dice que se ha hecho da\u00f1o, no pasa nada por hacerle algunas preguntas neutras como \"\u00bfC\u00f3mo te has hecho da\u00f1o?\" o \"\u00bfQu\u00e9 ha pasado?\". Pero es importante evitar hacer preguntas capciosas o sugerentes (preguntas que requieran una respuesta de \"s\u00ed\" o \"no\"), o hacer preguntas repetidas a su hijo. No intente grabar en v\u00eddeo o audio una revelaci\u00f3n en un dispositivo de grabaci\u00f3n.<\/p>\n\n\t\t<\/div>\n\t<\/div>\n<\/div><\/div><\/div><div class=\"wpb_animate_when_almost_visible wpb_fadeIn fadeIn wpb_column vc_column_container vc_col-sm-1\/5\"><div class=\"vc_column-inner\"><div class=\"wpb_wrapper\"><div class='tdl-number-icon-wrapper'><span class='icon-number-four'><span class='path1'><\/span><span class='path2'><\/span><\/span><\/div><\/div><\/div><\/div><\/div><div class=\"vc_row wpb_row vc_row-fluid\"><div class=\"wpb_animate_when_almost_visible wpb_fadeIn fadeIn wpb_column vc_column_container vc_col-sm-1\/5\"><div class=\"vc_column-inner\"><div class=\"wpb_wrapper\"><div class='tdl-number-icon-wrapper'><span class='icon-number-five'><span class='path1'><\/span><span class='path2'><\/span><\/span><\/div><\/div><\/div><\/div><div class=\"wpb_animate_when_almost_visible wpb_fadeIn fadeIn wpb_column vc_column_container vc_col-sm-4\/5\"><div class=\"vc_column-inner\"><div class=\"wpb_wrapper\"><div class='headingWrapper'><h3>Documenta lo ocurrido.<\/h3><\/div>\n\t<div class=\"wpb_text_column wpb_content_element\" >\n\t\t<div class=\"wpb_wrapper\">\n\t\t\t<p>Los tipos de informaci\u00f3n a documentar pueden incluir cu\u00e1ndo y d\u00f3nde se produjo la lesi\u00f3n\/abuso, cualquier informaci\u00f3n adicional sobre la naturaleza del abuso y c\u00f3mo se produjo la lesi\u00f3n. Si su hijo le revel\u00f3 c\u00f3mo ocurri\u00f3 el abuso, intente documentar la conversaci\u00f3n. No olvide documentar, en la medida de lo posible, las preguntas y declaraciones que le hizo y las palabras exactas que le dijo. S\u00f3lo haga preguntas adicionales si es necesario para garantizar la seguridad de su hijo. En muchos casos, las preguntas adicionales pueden remitirse a un profesional cualificado.<\/p>\n\n\t\t<\/div>\n\t<\/div>\n<\/div><\/div><\/div><\/div><div class=\"vc_row wpb_row vc_row-fluid mobileRTL\"><div class=\"wpb_animate_when_almost_visible wpb_fadeIn fadeIn wpb_column vc_column_container vc_col-sm-4\/5\"><div class=\"vc_column-inner\"><div class=\"wpb_wrapper\"><div class='headingWrapper'><h3>Deje la investigaci\u00f3n en manos de las autoridades.<\/h3><\/div>\n\t<div class=\"wpb_text_column wpb_content_element\" >\n\t\t<div class=\"wpb_wrapper\">\n\t\t\t<p>Es importante dejar que las autoridades se encarguen de la investigaci\u00f3n. No te enfrentes a la persona de la que sospechas que ha abusado de tu hijo.<\/p>\n\n\t\t<\/div>\n\t<\/div>\n<\/div><\/div><\/div><div class=\"wpb_animate_when_almost_visible wpb_fadeIn fadeIn wpb_column vc_column_container vc_col-sm-1\/5\"><div class=\"vc_column-inner\"><div class=\"wpb_wrapper\"><div class='tdl-number-icon-wrapper'><span class='icon-number-six'><span class='path1'><\/span><span class='path2'><\/span><\/span><\/div><\/div><\/div><\/div><\/div><div class=\"vc_row wpb_row vc_row-fluid\"><div class=\"wpb_animate_when_almost_visible wpb_fadeIn fadeIn wpb_column vc_column_container vc_col-sm-1\/5\"><div class=\"vc_column-inner\"><div class=\"wpb_wrapper\"><div class='tdl-number-icon-wrapper'><span class='icon-number-seven'><span class='path1'><\/span><span class='path2'><\/span><\/span><\/div><\/div><\/div><\/div><div class=\"wpb_animate_when_almost_visible wpb_fadeIn fadeIn wpb_column vc_column_container vc_col-sm-4\/5\"><div class=\"vc_column-inner\"><div class=\"wpb_wrapper\"><div class='headingWrapper'><h3>Proteja a su hijo de conversaciones adicionales sobre posibles abusos.<\/h3><\/div>\n\t<div class=\"wpb_text_column wpb_content_element\" >\n\t\t<div class=\"wpb_wrapper\">\n\t\t\t<p>No hable de los malos tratos con otras personas delante de su hijo. Hablar espec\u00edficamente de la sospecha de malos tratos donde su hijo pueda o\u00edrlo puede ser abrumador para \u00e9l y puede empa\u00f1ar cualquier investigaci\u00f3n posterior que se lleve a cabo.<\/p>\n\n\t\t<\/div>\n\t<\/div>\n<\/div><\/div><\/div><\/div><div class=\"vc_row wpb_row vc_row-fluid mobileRTL\"><div class=\"wpb_animate_when_almost_visible wpb_fadeIn fadeIn wpb_column vc_column_container vc_col-sm-4\/5\"><div class=\"vc_column-inner\"><div class=\"wpb_wrapper\"><div class='headingWrapper'><h3>Consigue apoyo para ti.<\/h3><\/div>\n\t<div class=\"wpb_text_column wpb_content_element\" >\n\t\t<div class=\"wpb_wrapper\">\n\t\t\t<p>TreeTop puede proporcionar apoyo familiar y derivaciones a organismos para ayudar tanto a los padres como a los hijos.<\/p>\n\n\t\t<\/div>\n\t<\/div>\n<\/div><\/div><\/div><div class=\"wpb_animate_when_almost_visible wpb_fadeIn fadeIn wpb_column vc_column_container vc_col-sm-1\/5\"><div class=\"vc_column-inner\"><div class=\"wpb_wrapper\"><div class='tdl-number-icon-wrapper'><span class='icon-number-eight'><span class='path1'><\/span><span class='path2'><\/span><\/span><\/div><\/div><\/div><\/div><\/div><div class=\"vc_row wpb_row vc_row-fluid\"><div class=\"wpb_animate_when_almost_visible wpb_fadeIn fadeIn wpb_column vc_column_container vc_col-sm-1\/5\"><div class=\"vc_column-inner\"><div class=\"wpb_wrapper\"><div class='tdl-number-icon-wrapper'><span class='icon-number-nine'><span class='path1'><\/span><span class='path2'><\/span><\/span><\/div><\/div><\/div><\/div><div class=\"wpb_animate_when_almost_visible wpb_fadeIn fadeIn wpb_column vc_column_container vc_col-sm-4\/5\"><div class=\"vc_column-inner\"><div class=\"wpb_wrapper\"><div class='headingWrapper'><h3>Reconozca la fuerza de su hijo.<\/h3><\/div>\n\t<div class=\"wpb_text_column wpb_content_element\" >\n\t\t<div class=\"wpb_wrapper\">\n\t\t\t<p>Los ni\u00f1os son extraordinariamente resistentes. De hecho, a menudo se recuperan m\u00e1s r\u00e1pidamente que los adultos de situaciones adversas. Si es capaz de reconocer la capacidad de recuperaci\u00f3n de su hijo, de proporcionarle recursos de apoyo, como asesoramiento psicol\u00f3gico, en caso de que lo necesite, y de seguir manteni\u00e9ndolo a salvo, los efectos a largo plazo de los malos tratos se reducir\u00e1n considerablemente. <\/p>\n\n\t\t<\/div>\n\t<\/div>\n<\/div><\/div><\/div><\/div>\n<\/div>","protected":false},"excerpt":{"rendered":"Responder a las preocupaciones de abuso infantil Descubrir que un ni\u00f1o que le importa ha sido abusado puede ser devastador. Puede sentirse abrumado, pregunt\u00e1ndose por d\u00f3nde empezar para conseguir ayuda y apoyo para su ser querido. A continuaci\u00f3n...","protected":false},"author":7,"featured_media":2051,"parent":0,"menu_order":0,"comment_status":"closed","ping_status":"closed","template":"","meta":{"footnotes":""},"class_list":["post-35","page","type-page","status-publish","has-post-thumbnail","hentry"],"aioseo_notices":[],"_links":{"self":[{"href":"https:\/\/www.treetopcenter.org\/es\/wp-json\/wp\/v2\/pages\/35","targetHints":{"allow":["GET"]}}],"collection":[{"href":"https:\/\/www.treetopcenter.org\/es\/wp-json\/wp\/v2\/pages"}],"about":[{"href":"https:\/\/www.treetopcenter.org\/es\/wp-json\/wp\/v2\/types\/page"}],"author":[{"embeddable":true,"href":"https:\/\/www.treetopcenter.org\/es\/wp-json\/wp\/v2\/users\/7"}],"replies":[{"embeddable":true,"href":"https:\/\/www.treetopcenter.org\/es\/wp-json\/wp\/v2\/comments?post=35"}],"version-history":[{"count":12,"href":"https:\/\/www.treetopcenter.org\/es\/wp-json\/wp\/v2\/pages\/35\/revisions"}],"predecessor-version":[{"id":2141,"href":"https:\/\/www.treetopcenter.org\/es\/wp-json\/wp\/v2\/pages\/35\/revisions\/2141"}],"wp:featuredmedia":[{"embeddable":true,"href":"https:\/\/www.treetopcenter.org\/es\/wp-json\/wp\/v2\/media\/2051"}],"wp:attachment":[{"href":"https:\/\/www.treetopcenter.org\/es\/wp-json\/wp\/v2\/media?parent=35"}],"curies":[{"name":"wp","href":"https:\/\/api.w.org\/{rel}","templated":true}]}}