{"id":425,"date":"2022-10-14T17:39:59","date_gmt":"2022-10-14T23:39:59","guid":{"rendered":"https:\/\/www.treetopcenter.org\/?page_id=425"},"modified":"2026-03-08T12:43:01","modified_gmt":"2026-03-08T18:43:01","slug":"what-to-expect","status":"publish","type":"page","link":"https:\/\/www.treetopcenter.org\/es\/what-to-expect\/","title":{"rendered":"Qu\u00e9 esperar"},"content":{"rendered":"<div class=\"wpb-content-wrapper\"><div class=\"vc_row wpb_row vc_row-fluid\"><div class=\"wpb_animate_when_almost_visible wpb_fadeIn fadeIn wpb_column vc_column_container vc_col-sm-12\"><div class=\"vc_column-inner\"><div class=\"wpb_wrapper\"><div class='headingWrapper center'><h1>Qu\u00e9 esperar<\/h1><\/div>\n\t<div class=\"wpb_text_column wpb_content_element\" >\n\t\t<div class=\"wpb_wrapper\">\n\t\t\t<p style=\"text-align: center;\"><span style=\"font-weight: 400;\">En TreeTop, entendemos que visitar un Centro de Defensa Infantil puede resultar abrumador. Nuestro objetivo es proporcionar un entorno seguro y de apoyo en el que los ni\u00f1os y sus familias se sientan informados y cuidados en cada paso del camino.<\/span><\/p>\n\n\t\t<\/div>\n\t<\/div>\n<\/div><\/div><\/div><\/div><div class=\"vc_row wpb_row vc_row-fluid\"><div class=\"wpb_animate_when_almost_visible wpb_fadeIn fadeIn wpb_column vc_column_container vc_col-sm-12\"><div class=\"vc_column-inner\"><div class=\"wpb_wrapper\"><div class='headingWrapper'><h3>Preparaci\u00f3n para la cita<\/h3><\/div>\n\t<div class=\"wpb_text_column wpb_content_element\" >\n\t\t<div class=\"wpb_wrapper\">\n\t\t\t<p style=\"text-align: left;\"><b>Proceso de remisi\u00f3n<\/b><span style=\"font-weight: 400;\">Las remisiones a TreeTop suelen ser realizadas por las autoridades policiales o el Departamento de Servicios Humanos cuando existe preocupaci\u00f3n por la seguridad de un ni\u00f1o.<\/span><\/p>\n<p>&nbsp;<\/p>\n<p style=\"text-align: left;\"><b>Contacto inicial<\/b><span style=\"font-weight: 400;\">Un defensor de la familia se pondr\u00e1 en contacto con usted para explicarle el proceso, responder a sus preguntas y resolver cualquier duda que pueda tener.<\/span><\/p>\n<p>&nbsp;<\/p>\n<p style=\"text-align: left;\"><b>Qu\u00e9 llevar<\/b><span style=\"font-weight: 400;\">:<\/span><span style=\"font-weight: 400;\"><br \/>\n<\/span><\/p>\n<ul style=\"text-align: left;\">\n<li style=\"list-style-type: none;\">\n<ul>\n<li style=\"font-weight: 400;\" aria-level=\"2\"><span style=\"font-weight: 400;\">Un objeto que le d\u00e9 tranquilidad a su hijo (por ejemplo, su juguete o cobija favoritos).<\/span><\/li>\n<li style=\"font-weight: 400;\" aria-level=\"2\"><span style=\"font-weight: 400;\">Cualquier documento m\u00e9dico o legal relevante.<\/span><\/li>\n<li style=\"font-weight: 400;\" aria-level=\"2\"><span style=\"font-weight: 400;\">Aperitivos o bebidas, si lo deseas (\u00a1aunque tenemos muchos aperitivos y bebidas entre los que elegir!).<\/span><\/li>\n<\/ul>\n<\/li>\n<\/ul>\n<p>&nbsp;<\/p>\n<p style=\"text-align: left;\"><b>Preparaci\u00f3n del ni\u00f1o<\/b><span style=\"font-weight: 400;\">: Es \u00fatil que su hijo sepa que hablar\u00e1 con alguien cuyo trabajo es ayudar a los ni\u00f1os. Evite discutir los detalles de la situaci\u00f3n para no influir en su relato.<\/span><\/p>\n\n\t\t<\/div>\n\t<\/div>\n<\/div><\/div><\/div><\/div><div class=\"vc_row wpb_row vc_row-fluid\"><div class=\"wpb_animate_when_almost_visible wpb_fadeIn fadeIn wpb_column vc_column_container vc_col-sm-12\"><div class=\"vc_column-inner\"><div class=\"wpb_wrapper\"><div class='headingWrapper'><h3>Llegada<\/h3><\/div>\n\t<div class=\"wpb_text_column wpb_content_element\" >\n\t\t<div class=\"wpb_wrapper\">\n\t\t\t<p><b>C\u00e1lida bienvenida<\/b><span style=\"font-weight: 400;\">: A su llegada, nuestro personal le dar\u00e1 la bienvenida y le guiar\u00e1 a trav\u00e9s del proceso de registro.<\/span><\/p>\n<p>&nbsp;<\/p>\n<p><b>Entorno favorable para los ni\u00f1os<\/b><span style=\"font-weight: 400;\">Los ni\u00f1os pueden relajarse en nuestra zona de juegos, equipada con libros, juguetes y juegos, dise\u00f1ada para aliviar la ansiedad.<\/span><\/p>\n<p>&nbsp;<\/p>\n<p style=\"text-align: left;\"><b>Reuni\u00f3n de defensores de la familia<\/b><span style=\"font-weight: 400;\">: Se reunir\u00e1 con un asesor familiar que le explicar\u00e1 el proceso del d\u00eda y responder\u00e1 a cualquier pregunta.<\/span><\/p>\n\n\t\t<\/div>\n\t<\/div>\n<\/div><\/div><\/div><\/div><div class=\"vc_row wpb_row vc_row-fluid\"><div class=\"wpb_animate_when_almost_visible wpb_fadeIn fadeIn wpb_column vc_column_container vc_col-sm-6\"><div class=\"vc_column-inner\"><div class=\"wpb_wrapper\">\n\t<div  class=\"wpb_single_image wpb_content_element vc_align_left wpb_content_element\">\n\t\t\n\t\t<figure class=\"wpb_wrapper vc_figure\">\n\t\t\t<div class=\"vc_single_image-wrapper   vc_box_border_grey\"><img decoding=\"async\" width=\"1800\" height=\"1200\" data-src=\"https:\/\/www.treetopcenter.org\/wp-content\/uploads\/2026\/03\/tt-116-1-scaled.jpg\" class=\"vc_single_image-img attachment-full lazyload\" alt=\"\" title=\"tt-116\" data-srcset=\"https:\/\/www.treetopcenter.org\/wp-content\/uploads\/2026\/03\/tt-116-1-scaled.jpg 1800w, https:\/\/www.treetopcenter.org\/wp-content\/uploads\/2026\/03\/tt-116-1-300x200.jpg 300w, https:\/\/www.treetopcenter.org\/wp-content\/uploads\/2026\/03\/tt-116-1-1024x683.jpg 1024w, https:\/\/www.treetopcenter.org\/wp-content\/uploads\/2026\/03\/tt-116-1-768x512.jpg 768w, https:\/\/www.treetopcenter.org\/wp-content\/uploads\/2026\/03\/tt-116-1-1536x1024.jpg 1536w, https:\/\/www.treetopcenter.org\/wp-content\/uploads\/2026\/03\/tt-116-1-2048x1365.jpg 2048w, https:\/\/www.treetopcenter.org\/wp-content\/uploads\/2026\/03\/tt-116-1-18x12.jpg 18w, https:\/\/www.treetopcenter.org\/wp-content\/uploads\/2026\/03\/tt-116-1-150x100.jpg 150w\" data-sizes=\"(max-width: 1800px) 100vw, 1800px\" src=\"data:image\/svg+xml;base64,PHN2ZyB3aWR0aD0iMSIgaGVpZ2h0PSIxIiB4bWxucz0iaHR0cDovL3d3dy53My5vcmcvMjAwMC9zdmciPjwvc3ZnPg==\" style=\"--smush-placeholder-width: 1800px; --smush-placeholder-aspect-ratio: 1800\/1200;\" \/><\/div>\n\t\t<\/figure>\n\t<\/div>\n<\/div><\/div><\/div><div class=\"wpb_animate_when_almost_visible wpb_fadeIn fadeIn wpb_column vc_column_container vc_col-sm-6\"><div class=\"vc_column-inner\"><div class=\"wpb_wrapper\">\n\t<div  class=\"wpb_single_image wpb_content_element vc_align_left wpb_content_element\">\n\t\t\n\t\t<figure class=\"wpb_wrapper vc_figure\">\n\t\t\t<div class=\"vc_single_image-wrapper   vc_box_border_grey\"><img decoding=\"async\" width=\"1800\" height=\"1200\" data-src=\"https:\/\/www.treetopcenter.org\/wp-content\/uploads\/2026\/03\/tt-112-scaled.jpg\" class=\"vc_single_image-img attachment-full lazyload\" alt=\"\" title=\"tt-112\" data-srcset=\"https:\/\/www.treetopcenter.org\/wp-content\/uploads\/2026\/03\/tt-112-scaled.jpg 1800w, https:\/\/www.treetopcenter.org\/wp-content\/uploads\/2026\/03\/tt-112-300x200.jpg 300w, https:\/\/www.treetopcenter.org\/wp-content\/uploads\/2026\/03\/tt-112-1024x683.jpg 1024w, https:\/\/www.treetopcenter.org\/wp-content\/uploads\/2026\/03\/tt-112-768x512.jpg 768w, https:\/\/www.treetopcenter.org\/wp-content\/uploads\/2026\/03\/tt-112-1536x1024.jpg 1536w, https:\/\/www.treetopcenter.org\/wp-content\/uploads\/2026\/03\/tt-112-2048x1365.jpg 2048w, https:\/\/www.treetopcenter.org\/wp-content\/uploads\/2026\/03\/tt-112-18x12.jpg 18w, https:\/\/www.treetopcenter.org\/wp-content\/uploads\/2026\/03\/tt-112-150x100.jpg 150w\" data-sizes=\"(max-width: 1800px) 100vw, 1800px\" src=\"data:image\/svg+xml;base64,PHN2ZyB3aWR0aD0iMSIgaGVpZ2h0PSIxIiB4bWxucz0iaHR0cDovL3d3dy53My5vcmcvMjAwMC9zdmciPjwvc3ZnPg==\" style=\"--smush-placeholder-width: 1800px; --smush-placeholder-aspect-ratio: 1800\/1200;\" \/><\/div>\n\t\t<\/figure>\n\t<\/div>\n<\/div><\/div><\/div><\/div><div class=\"vc_row wpb_row vc_row-fluid\"><div class=\"wpb_animate_when_almost_visible wpb_fadeIn fadeIn wpb_column vc_column_container vc_col-sm-12\"><div class=\"vc_column-inner\"><div class=\"wpb_wrapper\"><div class='headingWrapper'><h3>La entrevista forense<\/h3><\/div>\n\t<div class=\"wpb_text_column wpb_content_element\" >\n\t\t<div class=\"wpb_wrapper\">\n\t\t\t<p><b>Conversaci\u00f3n privada<\/b><span style=\"font-weight: 400;\">Un entrevistador forense capacitado hablar\u00e1 con su hijo en un entorno seguro y neutral. Esta conversaci\u00f3n est\u00e1 dise\u00f1ada para ser imparcial y de apoyo.<\/span><\/p>\n<p>&nbsp;<\/p>\n<p><b>Observaci\u00f3n<\/b><span style=\"font-weight: 400;\">: Mientras se lleva a cabo la entrevista, los miembros del equipo multidisciplinario (fuerzas del orden, servicios de protecci\u00f3n infantil, etc.) pueden observar desde otra sala para evitar preguntas repetidas.<\/span><\/p>\n<p>&nbsp;<\/p>\n<p><b>Funci\u00f3n del cuidador<\/b><span style=\"font-weight: 400;\">Los cuidadores no est\u00e1n presentes durante la entrevista para mantener la integridad del relato del ni\u00f1o y evitar cualquier influencia involuntaria.<\/span><\/p>\n\n\t\t<\/div>\n\t<\/div>\n<\/div><\/div><\/div><\/div><div class=\"vc_row wpb_row vc_row-fluid\"><div class=\"wpb_animate_when_almost_visible wpb_fadeIn fadeIn wpb_column vc_column_container vc_col-sm-12\"><div class=\"vc_column-inner\"><div class=\"wpb_wrapper\"><div class='headingWrapper'><h3>Despu\u00e9s de la entrevista<\/h3><\/div>\n\t<div class=\"wpb_text_column wpb_content_element\" >\n\t\t<div class=\"wpb_wrapper\">\n\t\t\t<p><b>Debate en equipo<\/b><span style=\"font-weight: 400;\">El equipo multidisciplinario analizar\u00e1 la informaci\u00f3n recopilada para determinar el mejor curso de acci\u00f3n para la seguridad y el bienestar de su hijo.<\/span><\/p>\n<p>&nbsp;<\/p>\n<p><b>Reuni\u00f3n de cuidadores<\/b><span style=\"font-weight: 400;\">: Te reunir\u00e1s con el equipo para hablar sobre el resultado de la entrevista, los siguientes pasos y cualquier recomendaci\u00f3n.<\/span><\/p>\n<p>&nbsp;<\/p>\n<p><b>Conexi\u00f3n de recursos<\/b><span style=\"font-weight: 400;\">Nuestro defensor familiar le proporcionar\u00e1 recursos, referencias y servicios de apoyo adaptados a las necesidades de su familia.<\/span><\/p>\n\n\t\t<\/div>\n\t<\/div>\n<\/div><\/div><\/div><\/div><div class=\"vc_row wpb_row vc_row-fluid\"><div class=\"wpb_animate_when_almost_visible wpb_fadeIn fadeIn wpb_column vc_column_container vc_col-sm-12\"><div class=\"vc_column-inner\"><div class=\"wpb_wrapper\"><div class='headingWrapper'><h3>Asistencia continua<\/h3><\/div>\n\t<div class=\"wpb_text_column wpb_content_element\" >\n\t\t<div class=\"wpb_wrapper\">\n\t\t\t<p><b>Debate en equipo<\/b><span style=\"font-weight: 400;\">El equipo multidisciplinario analizar\u00e1 la informaci\u00f3n recopilada para determinar el mejor curso de acci\u00f3n para la seguridad y el bienestar de su hijo.<\/span><\/p>\n<p>&nbsp;<\/p>\n<p><b>Defensa de la familia<\/b><span style=\"font-weight: 400;\">: Nuestros defensores contin\u00faan apoy\u00e1ndote m\u00e1s all\u00e1 de la visita inicial, ayud\u00e1ndote con los procedimientos judiciales, las derivaciones a terapia y conect\u00e1ndote con los recursos comunitarios.<\/span><\/p>\n<p>&nbsp;<\/p>\n<p><b>Salud conductual<\/b><span style=\"font-weight: 400;\">TreeTop ofrece servicios de terapia especializada en traumas para ayudar a los ni\u00f1os y a las familias a recuperarse. Nuestros terapeutas se especializan en tratamientos basados en la evidencia y adaptados a las necesidades de cada ni\u00f1o.<\/span><\/p>\n\n\t\t<\/div>\n\t<\/div>\n<\/div><\/div><\/div><\/div><div class=\"vc_row wpb_row vc_row-fluid\"><div class=\"wpb_animate_when_almost_visible wpb_fadeIn fadeIn wpb_column vc_column_container vc_col-sm-12\"><div class=\"vc_column-inner\"><div class=\"wpb_wrapper\">\n\t<div class=\"wpb_text_column wpb_content_element\" >\n\t\t<div class=\"wpb_wrapper\">\n\t\t\t<p style=\"text-align: center;\">Lo m\u00e1s importante es que le haga saber a su hijo que no est\u00e1 en ning\u00fan problema. Aseg\u00farele que TreeTop es un lugar seguro para hablar y que todos los que est\u00e1n all\u00ed est\u00e1n para ayudarlo. No le haga preguntas repetidas sobre el abuso y no le haga practicar lo que debe decir.<\/p>\n\n\t\t<\/div>\n\t<\/div>\n<\/div><\/div><\/div><\/div><div class=\"vc_row wpb_row vc_row-fluid\"><div class=\"wpb_animate_when_almost_visible wpb_fadeIn fadeIn wpb_column vc_column_container vc_col-sm-2\"><div class=\"vc_column-inner\"><div class=\"wpb_wrapper\"><\/div><\/div><\/div><div class=\"wpb_animate_when_almost_visible wpb_fadeIn fadeIn wpb_column vc_column_container vc_col-sm-8\"><div class=\"vc_column-inner\"><div class=\"wpb_wrapper\"><div class='headingWrapper center'><h3>Nuestra direcci\u00f3n<\/h3><\/div>\n\t<div class=\"wpb_text_column wpb_content_element\" >\n\t\t<div class=\"wpb_wrapper\">\n\t\t\t<p class=\"p1\" style=\"text-align: center;\"><span style=\"font-weight: 400;\">130 Ski Hill Road, Suite 200, Breckenridge, CO 80424<\/span><\/p>\n<p class=\"p1\" style=\"text-align: center;\">Ubicado en el segundo piso del edificio del US Bank, junto al Ayuntamiento.<\/p>\n\n\t\t<\/div>\n\t<\/div>\n<div class=\"wpb_gmaps_widget wpb_content_element vc_map_responsive\"><div class=\"wpb_wrapper\"><div class=\"wpb_map_wraper\"><iframe data-src=\"https:\/\/maps.google.com\/maps?q=130%20Ski%20Hill%20Road%2C%20Suite%20200%2C%20Breckenridge%2C%20CO%2080424&#038;t=m&#038;z=10&#038;output=embed&#038;iwloc=near\" title=\"130 Ski Hill Road, Suite 200, Breckenridge, CO 80424\" aria-label=\"130 Ski Hill Road, Suite 200, Breckenridge, CO 80424\"  src=\"data:image\/svg+xml;base64,PHN2ZyB3aWR0aD0iMSIgaGVpZ2h0PSIxIiB4bWxucz0iaHR0cDovL3d3dy53My5vcmcvMjAwMC9zdmciPjwvc3ZnPg==\" class=\"lazyload\" data-load-mode=\"1\"><\/iframe><\/div><\/div><\/div><\/div><\/div><\/div><div class=\"wpb_column vc_column_container vc_col-sm-2\"><div class=\"vc_column-inner\"><div class=\"wpb_wrapper\"><\/div><\/div><\/div><\/div><div class=\"vc_row wpb_row vc_row-fluid\"><div class=\"wpb_animate_when_almost_visible wpb_fadeIn fadeIn wpb_column vc_column_container vc_col-sm-12\"><div class=\"vc_column-inner\"><div class=\"wpb_wrapper\"><div class='headingWrapper center'><h3>M\u00e1s orientaci\u00f3n para padres y cuidadores<\/h3><\/div><div class='tdlButtonWrapper center'><a class='tdlButton' href='https:\/\/www.treetopcenter.org\/es\/parent-handbook\/' target=''>Manual para padres<\/a><\/div><\/div><\/div><\/div><\/div><div class=\"vc_row wpb_row vc_row-fluid\"><div class=\"wpb_animate_when_almost_visible wpb_fadeIn fadeIn wpb_column vc_column_container vc_col-sm-12\"><div class=\"vc_column-inner\"><div class=\"wpb_wrapper\"><div class='headingWrapper center'><h3>\u00bfTodav\u00eda tienes preguntas?<\/h3><\/div><div class='tdlButtonWrapper center'><a class='tdlButton' href='https:\/\/www.treetopcenter.org\/es\/contact-us\/' target=''>Cont\u00e1ctenos<\/a><\/div><div class=\"vc_empty_space\"   style=\"height: 64px\"><span class=\"vc_empty_space_inner\"><\/span><\/div><\/div><\/div><\/div><\/div>\n<\/div>","protected":false},"excerpt":{"rendered":"What To Expect At TreeTop, we understand that visiting a Child Advocacy Center can be daunting. Our goal is to provide a safe, supportive environment where children and their families feel informed and cared for every step of...","protected":false},"author":7,"featured_media":2185,"parent":0,"menu_order":0,"comment_status":"closed","ping_status":"closed","template":"","meta":{"footnotes":""},"class_list":["post-425","page","type-page","status-publish","has-post-thumbnail","hentry"],"aioseo_notices":[],"_links":{"self":[{"href":"https:\/\/www.treetopcenter.org\/es\/wp-json\/wp\/v2\/pages\/425","targetHints":{"allow":["GET"]}}],"collection":[{"href":"https:\/\/www.treetopcenter.org\/es\/wp-json\/wp\/v2\/pages"}],"about":[{"href":"https:\/\/www.treetopcenter.org\/es\/wp-json\/wp\/v2\/types\/page"}],"author":[{"embeddable":true,"href":"https:\/\/www.treetopcenter.org\/es\/wp-json\/wp\/v2\/users\/7"}],"replies":[{"embeddable":true,"href":"https:\/\/www.treetopcenter.org\/es\/wp-json\/wp\/v2\/comments?post=425"}],"version-history":[{"count":11,"href":"https:\/\/www.treetopcenter.org\/es\/wp-json\/wp\/v2\/pages\/425\/revisions"}],"predecessor-version":[{"id":2241,"href":"https:\/\/www.treetopcenter.org\/es\/wp-json\/wp\/v2\/pages\/425\/revisions\/2241"}],"wp:featuredmedia":[{"embeddable":true,"href":"https:\/\/www.treetopcenter.org\/es\/wp-json\/wp\/v2\/media\/2185"}],"wp:attachment":[{"href":"https:\/\/www.treetopcenter.org\/es\/wp-json\/wp\/v2\/media?parent=425"}],"curies":[{"name":"wp","href":"https:\/\/api.w.org\/{rel}","templated":true}]}}