{"id":529,"date":"2024-03-04T14:55:51","date_gmt":"2024-03-04T21:55:51","guid":{"rendered":"https:\/\/www.treetopcenter.org\/?page_id=529"},"modified":"2026-04-14T13:32:10","modified_gmt":"2026-04-14T19:32:10","slug":"events","status":"publish","type":"page","link":"https:\/\/www.treetopcenter.org\/es\/get-involved\/events\/","title":{"rendered":"Eventos"},"content":{"rendered":"<div class=\"wpb-content-wrapper\"><div class=\"vc_row wpb_row vc_row-fluid\"><div class=\"wpb_animate_when_almost_visible wpb_fadeIn fadeIn wpb_column vc_column_container vc_col-sm-12\"><div class=\"vc_column-inner\"><div class=\"wpb_wrapper\"><div class='headingWrapper center'><h1>Pr\u00f3ximos eventos<\/h1><\/div><\/div><\/div><\/div><\/div><div class=\"vc_row wpb_row vc_row-fluid\"><div class=\"wpb_column vc_column_container vc_col-sm-1\/5\"><div class=\"vc_column-inner\"><div class=\"wpb_wrapper\">\n\t<div  class=\"wpb_single_image wpb_content_element vc_align_left wpb_content_element\">\n\t\t\n\t\t<figure class=\"wpb_wrapper vc_figure\">\n\t\t\t<div class=\"vc_single_image-wrapper   vc_box_border_grey\"><img decoding=\"async\" width=\"150\" height=\"150\" data-src=\"https:\/\/www.treetopcenter.org\/wp-content\/uploads\/2026\/02\/Screenshot-2026-02-09-at-12.07.53-PM-150x150.png\" class=\"vc_single_image-img attachment-thumbnail lazyload\" alt=\"\" title=\"Captura de pantalla 2026-02-09 a las 12:07:53 p. m.\" data-srcset=\"https:\/\/www.treetopcenter.org\/wp-content\/uploads\/2026\/02\/Screenshot-2026-02-09-at-12.07.53-PM-150x150.png 150w, https:\/\/www.treetopcenter.org\/wp-content\/uploads\/2026\/02\/Screenshot-2026-02-09-at-12.07.53-PM-400x400.png 400w, https:\/\/www.treetopcenter.org\/wp-content\/uploads\/2026\/02\/Screenshot-2026-02-09-at-12.07.53-PM-600x600.png 600w, https:\/\/www.treetopcenter.org\/wp-content\/uploads\/2026\/02\/Screenshot-2026-02-09-at-12.07.53-PM-300x300.png 300w\" data-sizes=\"(max-width: 150px) 100vw, 150px\" src=\"data:image\/svg+xml;base64,PHN2ZyB3aWR0aD0iMSIgaGVpZ2h0PSIxIiB4bWxucz0iaHR0cDovL3d3dy53My5vcmcvMjAwMC9zdmciPjwvc3ZnPg==\" style=\"--smush-placeholder-width: 150px; --smush-placeholder-aspect-ratio: 150\/150;\" \/><\/div>\n\t\t<\/figure>\n\t<\/div>\n<\/div><\/div><\/div><div class=\"wpb_animate_when_almost_visible wpb_fadeIn fadeIn wpb_column vc_column_container vc_col-sm-4\/5\"><div class=\"vc_column-inner\"><div class=\"wpb_wrapper\"><div class='headingWrapper'><h3>Creando un futuro m\u00e1s brillante<span class='tdlSubTitle'>16 de abril<\/span><\/h3><\/div>\n\t<div class=\"wpb_text_column wpb_content_element\" >\n\t\t<div class=\"wpb_wrapper\">\n\t\t\t<p data-start=\"415\" data-end=\"642\">Crafting a Brighter Tomorrow (Creando un ma\u00f1ana m\u00e1s brillante) es una velada familiar llena de creatividad, conexi\u00f3n y prop\u00f3sito en honor al Mes de Concientizaci\u00f3n sobre el Abuso Infantil. \u00danase a otras personas que se preocupan profundamente por crear entornos seguros y enriquecedores para los ni\u00f1os de nuestra comunidad.<\/p>\n<ul>\n<li data-start=\"725\" data-end=\"1021\">Manualidades interactivas: actividades pr\u00e1cticas dise\u00f1adas para inspirar esperanza y alegr\u00eda.<\/li>\n<li data-start=\"725\" data-end=\"1021\">Comida deliciosa: disfruta de los bocadillos de los vendedores locales mientras socializas y te relajas.<\/li>\n<li data-start=\"725\" data-end=\"1021\">Conexi\u00f3n con la comunidad: colabora con TreeTop, Casa of the Continental Divide y otras organizaciones locales que trabajan para mejorar y proteger la vida de los ni\u00f1os.<\/li>\n<\/ul>\n<p data-start=\"644\" data-end=\"696\">Pabell\u00f3n Silverthorne | <a href=\"https:\/\/www.google.com\/maps\/search\/?api=1&amp;query=Silverthorne+Pavilion&amp;query_place_id=ChIJPQi7SoZcaocRKbPSl1dPkfU\" target=\"_blank\" rel=\"noopener noreferrer\">400 Blue River Pkwy, Silverthorne, CO 80498, EE. UU.<\/a><br data-start=\"672\" data-end=\"675\" \/>Jueves, 16 de abril de 2026 | 4:30 \u2013 7:30 p. m.<\/p>\n<p><em>No se requiere boleto ni confirmaci\u00f3n de asistencia.<\/em><\/p>\n\n\t\t<\/div>\n\t<\/div>\n<\/div><\/div><\/div><\/div><div class=\"vc_row wpb_row vc_row-fluid\"><div class=\"wpb_column vc_column_container vc_col-sm-1\/5\"><div class=\"vc_column-inner\"><div class=\"wpb_wrapper\">\n\t<div  class=\"wpb_single_image wpb_content_element vc_align_left wpb_content_element\">\n\t\t\n\t\t<figure class=\"wpb_wrapper vc_figure\">\n\t\t\t<div class=\"vc_single_image-wrapper   vc_box_border_grey\"><img decoding=\"async\" width=\"150\" height=\"150\" data-src=\"https:\/\/www.treetopcenter.org\/wp-content\/uploads\/2026\/03\/4E0A0892-150x150.jpg\" class=\"vc_single_image-img attachment-thumbnail lazyload\" alt=\"\" title=\"4E0A0892\" data-srcset=\"https:\/\/www.treetopcenter.org\/wp-content\/uploads\/2026\/03\/4E0A0892-150x150.jpg 150w, https:\/\/www.treetopcenter.org\/wp-content\/uploads\/2026\/03\/4E0A0892-400x400.jpg 400w, https:\/\/www.treetopcenter.org\/wp-content\/uploads\/2026\/03\/4E0A0892-600x600.jpg 600w, https:\/\/www.treetopcenter.org\/wp-content\/uploads\/2026\/03\/4E0A0892-300x300.jpg 300w\" data-sizes=\"(max-width: 150px) 100vw, 150px\" src=\"data:image\/svg+xml;base64,PHN2ZyB3aWR0aD0iMSIgaGVpZ2h0PSIxIiB4bWxucz0iaHR0cDovL3d3dy53My5vcmcvMjAwMC9zdmciPjwvc3ZnPg==\" style=\"--smush-placeholder-width: 150px; --smush-placeholder-aspect-ratio: 150\/150;\" \/><\/div>\n\t\t<\/figure>\n\t<\/div>\n<\/div><\/div><\/div><div class=\"wpb_animate_when_almost_visible wpb_fadeIn fadeIn wpb_column vc_column_container vc_col-sm-4\/5\"><div class=\"vc_column-inner\"><div class=\"wpb_wrapper\"><div class='headingWrapper'><h3>Desayuno para recaudar fondos<span class='tdlSubTitle'>26 de abril<\/span><\/h3><\/div>\n\t<div class=\"wpb_text_column wpb_content_element\" >\n\t\t<div class=\"wpb_wrapper\">\n\t\t\t<p data-start=\"204\" data-end=\"515\">Acomp\u00e1\u00f1enos de 11:00 a. m. a 2:00 p. m. en Silverthorne para disfrutar de un desayuno tipo buf\u00e9 a beneficio del TreeTop Child Advocacy Center. Disfrute de un abundante men\u00fa que incluye el famoso tocino, huevos, galletas y salsa, chile verde de Bob y mucho m\u00e1s, todo ello mientras apoya a los ni\u00f1os y las familias de nuestra comunidad.<\/p>\n<p data-start=\"517\" data-end=\"751\">Traiga a sus amigos, familiares y apetito para disfrutar de una ma\u00f1ana de buena comida y un impacto significativo. Cada boleto ayuda a TreeTop a seguir proporcionando atenci\u00f3n especializada en traumas, defensa y apoyo a los ni\u00f1os y las familias cuando m\u00e1s lo necesitan.<\/p>\n<p data-start=\"753\" data-end=\"892\">$20 Adultos | $8 Ni\u00f1os (menores de 12 a\u00f1os) | Gratis para ni\u00f1os menores de 2 a\u00f1os<br \/>\n<a href=\"http:\/\/google.com\/maps\/place\/Summit+County+Elks+Lodge+%232561\/data=!4m2!3m1!1s0x0:0xafcb149e6055e3cc?sa=X&amp;ved=1t:2428&amp;ictx=111\" target=\"_blank\" rel=\"noopener\">Logia Elks del condado de Summit<\/a><br data-start=\"855\" data-end=\"858\" \/>1321 Blue River Pkwy, Silverthorne<\/p>\n\n\t\t<\/div>\n\t<\/div>\n<div class='tdlButtonWrapper'><a class='tdlButton' href='https:\/\/www.zeffy.com\/en-US\/ticketing\/treetop-child-advocacy' target='_blank'>Comprar boletos<\/a><\/div><div class=\"vc_empty_space\"   style=\"height: 64px\"><span class=\"vc_empty_space_inner\"><\/span><\/div><\/div><\/div><\/div><\/div><div class=\"vc_row wpb_row vc_row-fluid\"><div class=\"wpb_column vc_column_container vc_col-sm-1\/5\"><div class=\"vc_column-inner\"><div class=\"wpb_wrapper\"><div class='tdl-icon-button icon-only'><div class='wrapper'><div class='icon icon-sun'><\/div><\/div><\/div><\/div><\/div><\/div><div class=\"wpb_animate_when_almost_visible wpb_fadeIn fadeIn wpb_column vc_column_container vc_col-sm-4\/5\"><div class=\"vc_column-inner\"><div class=\"wpb_wrapper\"><div class='headingWrapper'><h3>\u00danase a nosotros en esp\u00edritu<\/h3><\/div>\n\t<div class=\"wpb_text_column wpb_content_element\" >\n\t\t<div class=\"wpb_wrapper\">\n\t\t\t<p>Si no puedes asistir a los eventos presenciales o deseas contribuir m\u00e1s, no dudes en hacer una donaci\u00f3n a la misi\u00f3n del TreeTop Child Advocacy Center.<\/p>\n<p>Su donaci\u00f3n, ya sea un regalo \u00fanico o una contribuci\u00f3n mensual, desempe\u00f1a un papel crucial en la prestaci\u00f3n de servicios esenciales y apoyo a los necesitados en m\u00faltiples comunidades.<\/p>\n\n\t\t<\/div>\n\t<\/div>\n<div class='tdlButtonWrapper'><a class='tdlButton' href='https:\/\/www.treetopcenter.org\/es\/get-involved\/donate\/' target=''>Dona hoy<\/a><\/div><div class=\"vc_empty_space\"   style=\"height: 64px\"><span class=\"vc_empty_space_inner\"><\/span><\/div><\/div><\/div><\/div><\/div>\n<\/div>","protected":false},"excerpt":{"rendered":"Upcoming Events Crafting a Brighter TomorrowApril 16th Crafting a Brighter Tomorrow is a family-friendly evening filled with creativity, connection, and purpose in honor of Child Abuse Awareness Month. Come together with others who care deeply about building safe,...","protected":false},"author":7,"featured_media":931,"parent":37,"menu_order":1,"comment_status":"closed","ping_status":"closed","template":"","meta":{"footnotes":""},"class_list":["post-529","page","type-page","status-publish","has-post-thumbnail","hentry"],"aioseo_notices":[],"_links":{"self":[{"href":"https:\/\/www.treetopcenter.org\/es\/wp-json\/wp\/v2\/pages\/529","targetHints":{"allow":["GET"]}}],"collection":[{"href":"https:\/\/www.treetopcenter.org\/es\/wp-json\/wp\/v2\/pages"}],"about":[{"href":"https:\/\/www.treetopcenter.org\/es\/wp-json\/wp\/v2\/types\/page"}],"author":[{"embeddable":true,"href":"https:\/\/www.treetopcenter.org\/es\/wp-json\/wp\/v2\/users\/7"}],"replies":[{"embeddable":true,"href":"https:\/\/www.treetopcenter.org\/es\/wp-json\/wp\/v2\/comments?post=529"}],"version-history":[{"count":12,"href":"https:\/\/www.treetopcenter.org\/es\/wp-json\/wp\/v2\/pages\/529\/revisions"}],"predecessor-version":[{"id":2344,"href":"https:\/\/www.treetopcenter.org\/es\/wp-json\/wp\/v2\/pages\/529\/revisions\/2344"}],"up":[{"embeddable":true,"href":"https:\/\/www.treetopcenter.org\/es\/wp-json\/wp\/v2\/pages\/37"}],"wp:featuredmedia":[{"embeddable":true,"href":"https:\/\/www.treetopcenter.org\/es\/wp-json\/wp\/v2\/media\/931"}],"wp:attachment":[{"href":"https:\/\/www.treetopcenter.org\/es\/wp-json\/wp\/v2\/media?parent=529"}],"curies":[{"name":"wp","href":"https:\/\/api.w.org\/{rel}","templated":true}]}}