{"id":564,"date":"2024-03-06T14:51:25","date_gmt":"2024-03-06T21:51:25","guid":{"rendered":"https:\/\/www.treetopcenter.org\/?page_id=564"},"modified":"2026-03-07T09:26:33","modified_gmt":"2026-03-07T16:26:33","slug":"history","status":"publish","type":"page","link":"https:\/\/www.treetopcenter.org\/es\/about\/history\/","title":{"rendered":"Historia"},"content":{"rendered":"<div class=\"wpb-content-wrapper\"><div class=\"wpb_column vc_column_container vc_col-sm-12\"><div class=\"vc_column-inner\"><div class=\"wpb_wrapper\"><\/div><\/div><\/div><div class=\"vc_row wpb_row vc_row-fluid\"><div class=\"wpb_animate_when_almost_visible wpb_fadeIn fadeIn wpb_column vc_column_container vc_col-sm-12\"><div class=\"vc_column-inner\"><div class=\"wpb_wrapper\"><div class='headingWrapper center'><h1>Nuestra historia<\/h1><\/div><\/div><\/div><\/div><\/div><div class=\"vc_row wpb_row vc_row-fluid\"><div class=\"wpb_animate_when_almost_visible wpb_fadeIn fadeIn wpb_column vc_column_container vc_col-sm-1\/5\"><div class=\"vc_column-inner\"><div class=\"wpb_wrapper\"><div class='tdl-icon-button icon-only match-height'><div class='wrapper'><div class='icon icon-family-heart'><\/div><\/div><\/div><\/div><\/div><\/div><div class=\"wpb_animate_when_almost_visible wpb_fadeIn fadeIn wpb_column vc_column_container vc_col-sm-4\/5\"><div class=\"vc_column-inner\"><div class=\"wpb_wrapper\">\n\t<div class=\"wpb_text_column wpb_content_element\" >\n\t\t<div class=\"wpb_wrapper\">\n\t\t\t<p>Los centros de defensa del menor se crearon en la d\u00e9cada de 1980 en respuesta a la cr\u00edtica de que las investigaciones de abusos sexuales a menores no eran m\u00e1s que otra forma de maltrato a trav\u00e9s de traumas inducidos por el sistema con entrevistas repetitivas que a menudo asustaban a los ni\u00f1os. El primer CAC fue desarrollado en 1985 en Huntsville, AL por el Fiscal de Distrito electo, Robert E. \"Bud\" Cramer, Jr. El objetivo del modelo de CAC era mejorar la respuesta de colaboraci\u00f3n de la comunidad al abuso sexual infantil y el procesamiento de estos casos por parte de la justicia penal de manera que no perjudicara a\u00fan m\u00e1s a los ni\u00f1os implicados. En la actualidad, existen m\u00e1s de 1.000 CAC en todo el pa\u00eds y en m\u00e1s de 34 pa\u00edses de todo el mundo.<\/p>\n<p>TreeTop Child Advocacy Center (CAC) se estableci\u00f3 en 2018 como la \u00fanica organizaci\u00f3n sin fines de lucro que entrevista forense a ni\u00f1os v\u00edctimas de violencia en el 5\u00ba Distrito Judicial en Colorado.<\/p>\n<p>Al coordinar la respuesta de organismos como las fuerzas de seguridad, los servicios de protecci\u00f3n de menores, las fiscal\u00edas, los abogados y los profesionales m\u00e9dicos y de salud mental, TreeTop ayuda a garantizar que, cuando un ni\u00f1o revela un abuso, no vuelva a ser victimizado por los mismos sistemas dise\u00f1ados para protegerlo. TreeTop ayuda a coordinar la atenci\u00f3n y la investigaci\u00f3n desde la primera denuncia hasta la condena y m\u00e1s all\u00e1, manteniendo al ni\u00f1o en el centro de todo lo que hace el equipo.<\/p>\n\n\t\t<\/div>\n\t<\/div>\n<\/div><\/div><\/div><\/div>\n<\/div>","protected":false},"excerpt":{"rendered":"Nuestra historia Los centros de defensa del menor se crearon en los a\u00f1os 80 en respuesta a la cr\u00edtica de que las investigaciones de abusos sexuales a menores eran una forma m\u00e1s de maltrato a trav\u00e9s de traumas inducidos por el sistema con entrevistas repetitivas que a menudo asustaban a los ni\u00f1os.....","protected":false},"author":7,"featured_media":1744,"parent":15,"menu_order":0,"comment_status":"closed","ping_status":"closed","template":"","meta":{"footnotes":""},"class_list":["post-564","page","type-page","status-publish","has-post-thumbnail","hentry"],"aioseo_notices":[],"_links":{"self":[{"href":"https:\/\/www.treetopcenter.org\/es\/wp-json\/wp\/v2\/pages\/564","targetHints":{"allow":["GET"]}}],"collection":[{"href":"https:\/\/www.treetopcenter.org\/es\/wp-json\/wp\/v2\/pages"}],"about":[{"href":"https:\/\/www.treetopcenter.org\/es\/wp-json\/wp\/v2\/types\/page"}],"author":[{"embeddable":true,"href":"https:\/\/www.treetopcenter.org\/es\/wp-json\/wp\/v2\/users\/7"}],"replies":[{"embeddable":true,"href":"https:\/\/www.treetopcenter.org\/es\/wp-json\/wp\/v2\/comments?post=564"}],"version-history":[{"count":10,"href":"https:\/\/www.treetopcenter.org\/es\/wp-json\/wp\/v2\/pages\/564\/revisions"}],"predecessor-version":[{"id":2139,"href":"https:\/\/www.treetopcenter.org\/es\/wp-json\/wp\/v2\/pages\/564\/revisions\/2139"}],"up":[{"embeddable":true,"href":"https:\/\/www.treetopcenter.org\/es\/wp-json\/wp\/v2\/pages\/15"}],"wp:featuredmedia":[{"embeddable":true,"href":"https:\/\/www.treetopcenter.org\/es\/wp-json\/wp\/v2\/media\/1744"}],"wp:attachment":[{"href":"https:\/\/www.treetopcenter.org\/es\/wp-json\/wp\/v2\/media?parent=564"}],"curies":[{"name":"wp","href":"https:\/\/api.w.org\/{rel}","templated":true}]}}